{"id":27,"date":"2021-06-08T09:25:51","date_gmt":"2021-06-08T09:25:51","guid":{"rendered":"https:\/\/cashlinksystems.com\/shows\/"},"modified":"2024-01-08T15:14:17","modified_gmt":"2024-01-08T15:14:17","slug":"ugyfelek","status":"publish","type":"page","link":"https:\/\/cashlinksystems.com\/de\/ugyfelek\/","title":{"rendered":"\u00dcgyfelek"},"content":{"rendered":"<div data-elementor-type=\"wp-page\" data-elementor-id=\"27\" class=\"elementor elementor-27\">\n\t\t\t\t<div class=\"elementor-element elementor-element-9b5e175 e-con-full e-flex e-con e-parent\" data-id=\"9b5e175\" data-element_type=\"container\" data-settings=\"{&quot;background_background&quot;:&quot;classic&quot;,&quot;shape_divider_bottom&quot;:&quot;tilt&quot;}\">\n\t\t\t\t<div class=\"elementor-shape elementor-shape-bottom\" data-negative=\"false\">\n\t\t\t<svg xmlns=\"http:\/\/www.w3.org\/2000\/svg\" viewbox=\"0 0 1000 100\" preserveaspectratio=\"none\">\n\t<path class=\"elementor-shape-fill\" d=\"M0,6V0h1000v100L0,6z\"\/>\n<\/svg>\t\t<\/div>\n\t\t<div class=\"elementor-element elementor-element-b092701 e-con-full e-flex e-con e-child\" data-id=\"b092701\" data-element_type=\"container\">\n\t\t\t\t<div class=\"elementor-element elementor-element-e46f659 elementor-widget elementor-widget-icon-box\" data-id=\"e46f659\" data-element_type=\"widget\" data-widget_type=\"icon-box.default\">\n\t\t\t\t<div class=\"elementor-widget-container\">\n\t\t\t\t\t\t\t<div class=\"elementor-icon-box-wrapper\">\n\n\t\t\t\n\t\t\t\t\t\t<div class=\"elementor-icon-box-content\">\n\n\t\t\t\t\t\t\t\t\t<h1 class=\"elementor-icon-box-title\">\n\t\t\t\t\t\t<span  >\n\t\t\t\t\t\t\tKik haszn\u00e1lj\u00e1k?\t\t\t\t\t\t<\/span>\n\t\t\t\t\t<\/h1>\n\t\t\t\t\n\t\t\t\t\n\t\t\t<\/div>\n\t\t\t\n\t\t<\/div>\n\t\t\t\t\t\t<\/div>\n\t\t\t\t<\/div>\n\t\t\t\t<\/div>\n\t\t\t\t<\/div>\n\t\t<div class=\"elementor-element elementor-element-63e03e9 e-flex e-con-boxed e-con e-parent\" data-id=\"63e03e9\" data-element_type=\"container\" data-settings=\"{&quot;background_background&quot;:&quot;classic&quot;}\">\n\t\t\t\t\t<div class=\"e-con-inner\">\n\t\t<div class=\"elementor-element elementor-element-abc2943 e-con-full e-flex e-con e-child\" data-id=\"abc2943\" data-element_type=\"container\">\n\t\t\t\t<div class=\"elementor-element elementor-element-f539a27 elementor-widget elementor-widget-icon-box\" data-id=\"f539a27\" data-element_type=\"widget\" data-widget_type=\"icon-box.default\">\n\t\t\t\t<div class=\"elementor-widget-container\">\n\t\t\t\t\t\t\t<div class=\"elementor-icon-box-wrapper\">\n\n\t\t\t\n\t\t\t\t\t\t<div class=\"elementor-icon-box-content\">\n\n\t\t\t\t\t\t\t\t\t<h4 class=\"elementor-icon-box-title\">\n\t\t\t\t\t\t<span  >\n\t\t\t\t\t\t\t\u00dcgyfeleinkt\u0151l\t\t\t\t\t\t<\/span>\n\t\t\t\t\t<\/h4>\n\t\t\t\t\n\t\t\t\t\n\t\t\t<\/div>\n\t\t\t\n\t\t<\/div>\n\t\t\t\t\t\t<\/div>\n\t\t\t\t<\/div>\n\t\t\t\t<div class=\"elementor-element elementor-element-ad4e4fe elementor-widget elementor-widget-image\" data-id=\"ad4e4fe\" data-element_type=\"widget\" data-widget_type=\"image.default\">\n\t\t\t\t<div class=\"elementor-widget-container\">\n\t\t\t\t\t\t\t\t\t\t\t\t\t\t\t<img fetchpriority=\"high\" decoding=\"async\" width=\"1024\" height=\"1024\" src=\"https:\/\/cashlinksystems.com\/wp-content\/uploads\/2024\/01\/cashmatic-selfpay-family.gif\" class=\"attachment-large size-large wp-image-1373\" alt=\"\" \/>\t\t\t\t\t\t\t\t\t\t\t\t\t\t\t<\/div>\n\t\t\t\t<\/div>\n\t\t\t\t<div class=\"elementor-element elementor-element-d8ff510 elementor-widget elementor-widget-icon-box\" data-id=\"d8ff510\" data-element_type=\"widget\" data-widget_type=\"icon-box.default\">\n\t\t\t\t<div class=\"elementor-widget-container\">\n\t\t\t\t\t\t\t<div class=\"elementor-icon-box-wrapper\">\n\n\t\t\t\n\t\t\t\t\t\t<div class=\"elementor-icon-box-content\">\n\n\t\t\t\t\t\t\t\t\t<h6 class=\"elementor-icon-box-title\">\n\t\t\t\t\t\t<span  >\n\t\t\t\t\t\t\tPaul Peavey - Online Concerts\t\t\t\t\t\t<\/span>\n\t\t\t\t\t<\/h6>\n\t\t\t\t\n\t\t\t\t\t\t\t\t\t<p class=\"elementor-icon-box-description\">\n\t\t\t\t\t\tClick on the picture for more info and availability\t\t\t\t\t<\/p>\n\t\t\t\t\n\t\t\t<\/div>\n\t\t\t\n\t\t<\/div>\n\t\t\t\t\t\t<\/div>\n\t\t\t\t<\/div>\n\t\t\t\t<div class=\"elementor-element elementor-element-4eab8a7 elementor-hidden-tablet elementor-hidden-mobile elementor-hidden-desktop elementor-widget elementor-widget-button\" data-id=\"4eab8a7\" data-element_type=\"widget\" data-widget_type=\"button.default\">\n\t\t\t\t<div class=\"elementor-widget-container\">\n\t\t\t\t\t\t\t\t\t<div class=\"elementor-button-wrapper\">\n\t\t\t\t\t<a class=\"elementor-button elementor-button-link elementor-size-sm\" href=\"#\">\n\t\t\t\t\t\t<span class=\"elementor-button-content-wrapper\">\n\t\t\t\t\t\t<span class=\"elementor-button-icon\">\n\t\t\t\t<svg aria-hidden=\"true\" class=\"e-font-icon-svg e-fas-play\" viewbox=\"0 0 448 512\" xmlns=\"http:\/\/www.w3.org\/2000\/svg\"><path d=\"M424.4 214.7L72.4 6.6C43.8-10.3 0 6.1 0 47.9V464c0 37.5 40.7 60.1 72.4 41.3l352-208c31.4-18.5 31.5-64.1 0-82.6z\"><\/path><\/svg>\t\t\t<\/span>\n\t\t\t\t\t\t\t\t<\/span>\n\t\t\t\t\t<\/a>\n\t\t\t\t<\/div>\n\t\t\t\t\t\t\t\t<\/div>\n\t\t\t\t<\/div>\n\t\t\t\t<\/div>\n\t\t\t\t\t<\/div>\n\t\t\t\t<\/div>\n\t\t<div class=\"elementor-element elementor-element-64fb11a e-flex e-con-boxed e-con e-parent\" data-id=\"64fb11a\" data-element_type=\"container\">\n\t\t\t\t\t<div class=\"e-con-inner\">\n\t\t\t\t<div class=\"elementor-element elementor-element-f13f17b elementor-widget elementor-widget-text-editor\" data-id=\"f13f17b\" data-element_type=\"widget\" data-widget_type=\"text-editor.default\">\n\t\t\t\t<div class=\"elementor-widget-container\">\n\t\t\t\t\t\t\t\t\t<h6 id=\"tw-target-text\" class=\"tw-data-text tw-text-large tw-ta\" dir=\"ltr\" data-placeholder=\"Translation\" data-ved=\"2ahUKEwiX-bihxs2DAxV30AIHHVL0BKAQ3ewLegQIBRAQ\"><span class=\"Y2IQFc\" lang=\"hu\">A Cashmatic megold\u00e1sok f\u0151 el\u0151nyei a vend\u00e9gl\u00e1t\u00f3 szektor sz\u00e1m\u00e1ra\u00a0<\/span><\/h6><ul><li id=\"tw-target-text\" class=\"tw-data-text tw-text-large tw-ta\" dir=\"ltr\" data-placeholder=\"Translation\" data-ved=\"2ahUKEwiX-bihxs2DAxV30AIHHVL0BKAQ3ewLegQIBRAQ\"><span class=\"Y2IQFc\" lang=\"hu\">A Cashmatic automata p\u00e9nzt\u00e1rg\u00e9pek sokoldal\u00faak \u00e9s kompakt m\u00e9ret\u0171ek, b\u00e1rmilyen kialak\u00edt\u00e1ssal integr\u00e1lhat\u00f3k, \u00e9s k\u00f6nnyen felszerelhet\u0151k a megl\u00e9v\u0151 pultokra, fel\u00faj\u00edt\u00e1s n\u00e9lk\u00fcl\u00a0<\/span><\/li><li id=\"tw-target-text\" class=\"tw-data-text tw-text-large tw-ta\" dir=\"ltr\" data-placeholder=\"Translation\" data-ved=\"2ahUKEwiX-bihxs2DAxV30AIHHVL0BKAQ3ewLegQIBRAQ\"><span class=\"Y2IQFc\" lang=\"hu\">Kompatibilis a f\u0151 k\u00e9szp\u00e9nzkezel\u0151 szoftverrel\u00a0<\/span><\/li><li id=\"tw-target-text\" class=\"tw-data-text tw-text-large tw-ta\" dir=\"ltr\" data-placeholder=\"Translation\" data-ved=\"2ahUKEwiX-bihxs2DAxV30AIHHVL0BKAQ3ewLegQIBRAQ\"><span class=\"Y2IQFc\" lang=\"hu\">Kik\u00fcsz\u00f6b\u00f6li a kezel\u0151 esetleges hib\u00e1it, elker\u00fclve a k\u00e9szp\u00e9nzhi\u00e1nyt\u00a0<\/span><\/li><li id=\"tw-target-text\" class=\"tw-data-text tw-text-large tw-ta\" dir=\"ltr\" data-placeholder=\"Translation\" data-ved=\"2ahUKEwiX-bihxs2DAxV30AIHHVL0BKAQ3ewLegQIBRAQ\"><span class=\"Y2IQFc\" lang=\"hu\">Automatikusan \u00e9szleli a hamis p\u00e9nz jelenl\u00e9t\u00e9t\u00a0<\/span><\/li><li id=\"tw-target-text\" class=\"tw-data-text tw-text-large tw-ta\" dir=\"ltr\" data-placeholder=\"Translation\" data-ved=\"2ahUKEwiX-bihxs2DAxV30AIHHVL0BKAQ3ewLegQIBRAQ\"><span class=\"Y2IQFc\" lang=\"hu\">N\u00f6velje a biztons\u00e1g szintj\u00e9t a szil\u00e1rd \u00e9s robusztus ac\u00e9lszerkezetnek k\u00f6sz\u00f6nhet\u0151en. Tov\u00e1bb\u00e1 a kett\u0151s z\u00e1rnak k\u00f6sz\u00f6nhet\u0151en cs\u00f6kkenti a rabl\u00e1s kock\u00e1zat\u00e1t\u00a0<\/span><\/li><li id=\"tw-target-text\" class=\"tw-data-text tw-text-large tw-ta\" dir=\"ltr\" data-placeholder=\"Translation\" data-ved=\"2ahUKEwiX-bihxs2DAxV30AIHHVL0BKAQ3ewLegQIBRAQ\"><span class=\"Y2IQFc\" lang=\"hu\">N\u00f6veli az \u00e9rt\u00e9kes\u00edt\u00e9si helyen k\u00edn\u00e1lt szolg\u00e1ltat\u00e1s higi\u00e9ni\u00e1j\u00e1t, kik\u00fcsz\u00f6b\u00f6li a p\u00e9nzzel val\u00f3 \u00e9rintkez\u00e9st\u00a0<\/span><\/li><li id=\"tw-target-text\" class=\"tw-data-text tw-text-large tw-ta\" dir=\"ltr\" data-placeholder=\"Translation\" data-ved=\"2ahUKEwiX-bihxs2DAxV30AIHHVL0BKAQ3ewLegQIBRAQ\"><span class=\"Y2IQFc\" lang=\"hu\">Optimaliz\u00e1lja a p\u00e9nzt\u00e1rkezel\u00e9si id\u0151ket, automatikus p\u00e9nzkiad\u00e1st, valamint kik\u00fcsz\u00f6b\u00f6li a p\u00e9nzt\u00e1rg\u00e9p nyit\u00e1si \u00e9s z\u00e1r\u00e1si, valamint a m\u0171szakv\u00e1lt\u00e1s sz\u00e1ml\u00e1l\u00e1si m\u0171veleteit\u00a0<\/span><\/li><li id=\"tw-target-text\" class=\"tw-data-text tw-text-large tw-ta\" dir=\"ltr\" data-placeholder=\"Translation\" data-ved=\"2ahUKEwiX-bihxs2DAxV30AIHHVL0BKAQ3ewLegQIBRAQ\"><span class=\"Y2IQFc\" lang=\"hu\">T\u00e1volr\u00f3l vez\u00e9relhet\u0151 okostelefonr\u00f3l, t\u00e1blag\u00e9pr\u0151l vagy sz\u00e1m\u00edt\u00f3g\u00e9pr\u0151l\u00a0<\/span><\/li><li id=\"tw-target-text\" class=\"tw-data-text tw-text-large tw-ta\" dir=\"ltr\" data-placeholder=\"Translation\" data-ved=\"2ahUKEwiX-bihxs2DAxV30AIHHVL0BKAQ3ewLegQIBRAQ\"><span class=\"Y2IQFc\" lang=\"hu\">Vil\u00e1gos \u00e9s intuit\u00edv m\u00f3don kommunik\u00e1ljon a felhaszn\u00e1l\u00f3val a nagym\u00e9ret\u0171 integr\u00e1lt kijelz\u0151n kereszt\u00fcl<\/span><\/li><\/ul>\t\t\t\t\t\t\t\t<\/div>\n\t\t\t\t<\/div>\n\t\t\t\t\t<\/div>\n\t\t\t\t<\/div>\n\t\t<div class=\"elementor-element elementor-element-884c259 e-con-full e-flex e-con e-parent\" data-id=\"884c259\" data-element_type=\"container\" data-settings=\"{&quot;background_background&quot;:&quot;classic&quot;,&quot;shape_divider_top&quot;:&quot;tilt&quot;,&quot;shape_divider_bottom&quot;:&quot;tilt&quot;}\">\n\t\t\t\t<div class=\"elementor-shape elementor-shape-top\" data-negative=\"false\">\n\t\t\t<svg xmlns=\"http:\/\/www.w3.org\/2000\/svg\" viewbox=\"0 0 1000 100\" preserveaspectratio=\"none\">\n\t<path class=\"elementor-shape-fill\" d=\"M0,6V0h1000v100L0,6z\"\/>\n<\/svg>\t\t<\/div>\n\t\t\t\t<div class=\"elementor-shape elementor-shape-bottom\" data-negative=\"false\">\n\t\t\t<svg xmlns=\"http:\/\/www.w3.org\/2000\/svg\" viewbox=\"0 0 1000 100\" preserveaspectratio=\"none\">\n\t<path class=\"elementor-shape-fill\" d=\"M0,6V0h1000v100L0,6z\"\/>\n<\/svg>\t\t<\/div>\n\t\t<div class=\"elementor-element elementor-element-d459952 e-con-full e-flex e-con e-child\" data-id=\"d459952\" data-element_type=\"container\" data-settings=\"{&quot;background_background&quot;:&quot;video&quot;}\">\n\t\t\t\t<div class=\"elementor-element elementor-element-264508f elementor-widget elementor-widget-icon-box\" data-id=\"264508f\" data-element_type=\"widget\" data-widget_type=\"icon-box.default\">\n\t\t\t\t<div class=\"elementor-widget-container\">\n\t\t\t\t\t\t\t<div class=\"elementor-icon-box-wrapper\">\n\n\t\t\t\n\t\t\t\t\t\t<div class=\"elementor-icon-box-content\">\n\n\t\t\t\t\t\t\t\t\t<h2 class=\"elementor-icon-box-title\">\n\t\t\t\t\t\t<span  >\n\t\t\t\t\t\t\tKeress minket!\t\t\t\t\t\t<\/span>\n\t\t\t\t\t<\/h2>\n\t\t\t\t\n\t\t\t\t\n\t\t\t<\/div>\n\t\t\t\n\t\t<\/div>\n\t\t\t\t\t\t<\/div>\n\t\t\t\t<\/div>\n\t\t\t\t<div class=\"elementor-element elementor-element-a03f80a elementor-align-center elementor-widget elementor-widget-button\" data-id=\"a03f80a\" data-element_type=\"widget\" data-widget_type=\"button.default\">\n\t\t\t\t<div class=\"elementor-widget-container\">\n\t\t\t\t\t\t\t\t\t<div class=\"elementor-button-wrapper\">\n\t\t\t\t\t<a class=\"elementor-button elementor-button-link elementor-size-sm\" href=\"#\">\n\t\t\t\t\t\t<span class=\"elementor-button-content-wrapper\">\n\t\t\t\t\t\t\t\t\t<span class=\"elementor-button-text\">Kontakt<\/span>\n\t\t\t\t\t<\/span>\n\t\t\t\t\t<\/a>\n\t\t\t\t<\/div>\n\t\t\t\t\t\t\t\t<\/div>\n\t\t\t\t<\/div>\n\t\t\t\t<\/div>\n\t\t\t\t<\/div>\n\t\t\t\t<\/div>","protected":false},"excerpt":{"rendered":"<p>Kik haszn\u00e1lj\u00e1k? \u00dcgyfeleinkt\u0151l Paul Peavey &#8211; Online Concerts Click on the picture for more info and availability A Cashmatic megold\u00e1sok f\u0151 el\u0151nyei a vend\u00e9gl\u00e1t\u00f3 szektor sz\u00e1m\u00e1ra\u00a0 A Cashmatic automata p\u00e9nzt\u00e1rg\u00e9pek sokoldal\u00faak \u00e9s kompakt m\u00e9ret\u0171ek, b\u00e1rmilyen kialak\u00edt\u00e1ssal integr\u00e1lhat\u00f3k, \u00e9s k\u00f6nnyen felszerelhet\u0151k a megl\u00e9v\u0151 pultokra, fel\u00faj\u00edt\u00e1s n\u00e9lk\u00fcl\u00a0 Kompatibilis a f\u0151 k\u00e9szp\u00e9nzkezel\u0151 szoftverrel\u00a0 Kik\u00fcsz\u00f6b\u00f6li a kezel\u0151 esetleges hib\u00e1it, &hellip;<\/p>\n<p class=\"read-more\"> <a class=\"\" href=\"https:\/\/cashlinksystems.com\/de\/ugyfelek\/\"> <span class=\"screen-reader-text\">\u00dcgyfelek<\/span> Weiterlesen &raquo;<\/a><\/p>","protected":false},"author":1,"featured_media":0,"parent":0,"menu_order":0,"comment_status":"closed","ping_status":"closed","template":"","meta":{"content-type":"","om_disable_all_campaigns":false,"_uf_show_specific_survey":0,"_uf_disable_surveys":false,"site-sidebar-layout":"no-sidebar","site-content-layout":"page-builder","ast-site-content-layout":"","site-content-style":"default","site-sidebar-style":"default","ast-global-header-display":"","ast-banner-title-visibility":"","ast-main-header-display":"","ast-hfb-above-header-display":"","ast-hfb-below-header-display":"","ast-hfb-mobile-header-display":"","site-post-title":"disabled","ast-breadcrumbs-content":"disabled","ast-featured-img":"disabled","footer-sml-layout":"","theme-transparent-header-meta":"enabled","adv-header-id-meta":"","stick-header-meta":"","header-above-stick-meta":"","header-main-stick-meta":"","header-below-stick-meta":"","astra-migrate-meta-layouts":"default","ast-page-background-enabled":"default","ast-page-background-meta":{"desktop":{"background-color":"","background-image":"","background-repeat":"repeat","background-position":"center center","background-size":"auto","background-attachment":"scroll","background-type":"","background-media":"","overlay-type":"","overlay-color":"","overlay-gradient":""},"tablet":{"background-color":"","background-image":"","background-repeat":"repeat","background-position":"center center","background-size":"auto","background-attachment":"scroll","background-type":"","background-media":"","overlay-type":"","overlay-color":"","overlay-gradient":""},"mobile":{"background-color":"","background-image":"","background-repeat":"repeat","background-position":"center center","background-size":"auto","background-attachment":"scroll","background-type":"","background-media":"","overlay-type":"","overlay-color":"","overlay-gradient":""}},"ast-content-background-meta":{"desktop":{"background-color":"var(--ast-global-color-5)","background-image":"","background-repeat":"repeat","background-position":"center center","background-size":"auto","background-attachment":"scroll","background-type":"","background-media":"","overlay-type":"","overlay-color":"","overlay-gradient":""},"tablet":{"background-color":"var(--ast-global-color-5)","background-image":"","background-repeat":"repeat","background-position":"center center","background-size":"auto","background-attachment":"scroll","background-type":"","background-media":"","overlay-type":"","overlay-color":"","overlay-gradient":""},"mobile":{"background-color":"var(--ast-global-color-5)","background-image":"","background-repeat":"repeat","background-position":"center center","background-size":"auto","background-attachment":"scroll","background-type":"","background-media":"","overlay-type":"","overlay-color":"","overlay-gradient":""}},"footnotes":""},"class_list":["post-27","page","type-page","status-publish","hentry"],"aioseo_notices":[],"_links":{"self":[{"href":"https:\/\/cashlinksystems.com\/de\/wp-json\/wp\/v2\/pages\/27","targetHints":{"allow":["GET"]}}],"collection":[{"href":"https:\/\/cashlinksystems.com\/de\/wp-json\/wp\/v2\/pages"}],"about":[{"href":"https:\/\/cashlinksystems.com\/de\/wp-json\/wp\/v2\/types\/page"}],"author":[{"embeddable":true,"href":"https:\/\/cashlinksystems.com\/de\/wp-json\/wp\/v2\/users\/1"}],"replies":[{"embeddable":true,"href":"https:\/\/cashlinksystems.com\/de\/wp-json\/wp\/v2\/comments?post=27"}],"version-history":[{"count":8,"href":"https:\/\/cashlinksystems.com\/de\/wp-json\/wp\/v2\/pages\/27\/revisions"}],"predecessor-version":[{"id":1376,"href":"https:\/\/cashlinksystems.com\/de\/wp-json\/wp\/v2\/pages\/27\/revisions\/1376"}],"wp:attachment":[{"href":"https:\/\/cashlinksystems.com\/de\/wp-json\/wp\/v2\/media?parent=27"}],"curies":[{"name":"wp","href":"https:\/\/api.w.org\/{rel}","templated":true}]}}