{"id":1816,"date":"2025-02-25T19:31:00","date_gmt":"2025-02-25T19:31:00","guid":{"rendered":"https:\/\/cashlinksystems.com\/?page_id=1816"},"modified":"2025-02-25T19:59:17","modified_gmt":"2025-02-25T19:59:17","slug":"news","status":"publish","type":"page","link":"http:\/\/cashlinksystems.com\/de\/news\/","title":{"rendered":"Blog"},"content":{"rendered":"<div data-elementor-type=\"wp-page\" data-elementor-id=\"1816\" class=\"elementor elementor-1816\">\n\t\t\t\t<div class=\"elementor-element elementor-element-0acf847 e-con-full e-flex e-con e-parent\" data-id=\"0acf847\" data-element_type=\"container\" data-settings=\"{&quot;background_background&quot;:&quot;classic&quot;,&quot;shape_divider_bottom&quot;:&quot;tilt&quot;}\">\n\t\t\t\t<div class=\"elementor-shape elementor-shape-bottom\" data-negative=\"false\">\n\t\t\t<svg xmlns=\"http:\/\/www.w3.org\/2000\/svg\" viewbox=\"0 0 1000 100\" preserveaspectratio=\"none\">\n\t<path class=\"elementor-shape-fill\" d=\"M0,6V0h1000v100L0,6z\"\/>\n<\/svg>\t\t<\/div>\n\t\t<div class=\"elementor-element elementor-element-d34cb57 e-con-full e-flex e-con e-child\" data-id=\"d34cb57\" data-element_type=\"container\">\n\t\t\t\t<div class=\"elementor-element elementor-element-cceca82 elementor-widget elementor-widget-icon-box\" data-id=\"cceca82\" data-element_type=\"widget\" data-widget_type=\"icon-box.default\">\n\t\t\t\t<div class=\"elementor-widget-container\">\n\t\t\t\t\t\t\t<div class=\"elementor-icon-box-wrapper\">\n\n\t\t\t\n\t\t\t\t\t\t<div class=\"elementor-icon-box-content\">\n\n\t\t\t\t\t\t\t\t\t<h1 class=\"elementor-icon-box-title\">\n\t\t\t\t\t\t<span  >\n\t\t\t\t\t\t\tNachricht\t\t\t\t\t\t<\/span>\n\t\t\t\t\t<\/h1>\n\t\t\t\t\n\t\t\t\t\n\t\t\t<\/div>\n\t\t\t\n\t\t<\/div>\n\t\t\t\t\t\t<\/div>\n\t\t\t\t<\/div>\n\t\t\t\t<\/div>\n\t\t\t\t<\/div>\n\t\t<div class=\"elementor-element elementor-element-73a3b70 e-con-full e-flex e-con e-parent\" data-id=\"73a3b70\" data-element_type=\"container\" data-settings=\"{&quot;background_background&quot;:&quot;classic&quot;}\">\n\t\t<div class=\"elementor-element elementor-element-e800f12 e-con-full e-flex e-con e-child\" data-id=\"e800f12\" data-element_type=\"container\">\n\t\t\t\t<\/div>\n\t\t\t\t<\/div>\n\t\t<div class=\"elementor-element elementor-element-866ab99 e-flex e-con-boxed e-con e-parent\" data-id=\"866ab99\" data-element_type=\"container\">\n\t\t\t\t\t<div class=\"e-con-inner\">\n\t\t\t\t\t<\/div>\n\t\t\t\t<\/div>\n\t\t<div class=\"elementor-element elementor-element-7ae888d e-flex e-con-boxed e-con e-parent\" data-id=\"7ae888d\" data-element_type=\"container\">\n\t\t\t\t\t<div class=\"e-con-inner\">\n\t\t\t\t<div class=\"elementor-element elementor-element-d62d294 elementor-widget elementor-widget-blfe-post-grid\" data-id=\"d62d294\" data-element_type=\"widget\" data-settings=\"{&quot;columns&quot;:&quot;3&quot;,&quot;columns_tablet&quot;:&quot;6&quot;,&quot;columns_mobile&quot;:&quot;12&quot;,&quot;classic1_layout_column_gap&quot;:{&quot;unit&quot;:&quot;px&quot;,&quot;size&quot;:30,&quot;sizes&quot;:[]},&quot;classic1_layout_column_gap_tablet&quot;:{&quot;unit&quot;:&quot;px&quot;,&quot;size&quot;:&quot;&quot;,&quot;sizes&quot;:[]},&quot;classic1_layout_column_gap_mobile&quot;:{&quot;unit&quot;:&quot;px&quot;,&quot;size&quot;:&quot;&quot;,&quot;sizes&quot;:[]},&quot;classic1_layout_row_gap&quot;:{&quot;unit&quot;:&quot;px&quot;,&quot;size&quot;:30,&quot;sizes&quot;:[]},&quot;classic1_layout_row_gap_tablet&quot;:{&quot;unit&quot;:&quot;px&quot;,&quot;size&quot;:&quot;&quot;,&quot;sizes&quot;:[]},&quot;classic1_layout_row_gap_mobile&quot;:{&quot;unit&quot;:&quot;px&quot;,&quot;size&quot;:&quot;&quot;,&quot;sizes&quot;:[]}}\" data-widget_type=\"blfe-post-grid.classic1\">\n\t\t\t\t<div class=\"elementor-widget-container\">\n\t\t\t\t\t\n                        <div class=\"blfe-post-grid-container\">\n            \n                <div data-skin=\"classic1\" class=\"blfe-row blfe-posts-inner blfe-classic1 blfe-posts-inner blfe-col-3 blfe-col-tab-6 blfe-col-mob-12\">\n                            <div class=\"blfe-post-grid-item\">\n            <div class=\"blfe-post-grid-item-inner blfe-modern-zoom\">\n                <a class=\"blfe-post-grid-image\" href=\"http:\/\/cashlinksystems.com\/de\/2025\/03\/31\/cashlink-system-a-gyakorlatban-ket-pelda-ket-orszag-egy-sikeres-megoldas\/\" title=\"Cashlink System a gyakorlatban \u2013 k\u00e9t p\u00e9lda, k\u00e9t orsz\u00e1g, egy sikeres megold\u00e1s\" rel=\"nofollow\" target=\"_blank\"><img decoding=\"async\" src=\"https:\/\/cashlinksystems.com\/wp-content\/uploads\/2025\/03\/SelfPay-social.png\" alt=\"Cashlink System a gyakorlatban \u2013 k\u00e9t p\u00e9lda, k\u00e9t orsz\u00e1g, egy sikeres megold\u00e1s\"\/><\/a>                <span class=\"blfe-post-category\"><a href=\"http:\/\/cashlinksystems.com\/de\/category\/keszpenz-forradalom\/\">Bargeldrevolution<\/a><\/span>                <div class=\"blfe-post-grid-details\">\n                    <div class=\"blfe-post-grid-details-inner\">\n                        <h3 class=\"blfe-post-grid-title\">\n            <a href=\"http:\/\/cashlinksystems.com\/de\/2025\/03\/31\/cashlink-system-a-gyakorlatban-ket-pelda-ket-orszag-egy-sikeres-megoldas\/\" title=\"Cashlink System a gyakorlatban \u2013 k\u00e9t p\u00e9lda, k\u00e9t orsz\u00e1g, egy sikeres megold\u00e1s\" rel=\"nofollow\" target=\"_blank\">Cashlink System a gyakorlatban \u2013 k\u00e9t p\u00e9lda, k\u00e9t orsz\u00e1g, egy sikeres megold\u00e1s<\/a>\n            <\/h3>                        <p class=\"blfe-post-grid-excerpt\">A k\u00e9szp\u00e9nzkezel\u00e9s moderniz\u00e1l\u00e1sa nemcsak k\u00e9nyelmet, hanem hat\u00e9konys\u00e1got \u00e9s biztons\u00e1got is jelent. Ezt tapasztalta meg h\u00e1rom elt\u00e9r\u0151, de kiv\u00e1l\u00f3 vend\u00e9gl\u00e1t\u00f3hely \u2013...<\/p>                                    <div class=\"blfe-post-grid-meta\">\n                <span class=\"blfe-post-grid-author\"><i class=\"fa fa-user far fa-user\"><\/i>by <a href=\"http:\/\/cashlinksystems.com\/de\/author\/cashlinkhu\/\">cashlinkhu<\/a><\/span><span class=\"blfe-post-grid-date\"><i class=\"fa fa-calendar-alt far fa-calendar-alt\"><\/i>M\u00e4rz 31, 2025<\/span>            <\/div>\n                                                        <\/div>\n                <\/div>\n\n            <\/div>\n        <\/div>\n                <div class=\"blfe-post-grid-item\">\n            <div class=\"blfe-post-grid-item-inner blfe-modern-zoom\">\n                <a class=\"blfe-post-grid-image\" href=\"http:\/\/cashlinksystems.com\/de\/2025\/03\/21\/innovativ-fizetesi-megoldasok\/\" title=\"Die Zahlungs\u00adl\u00f6sungen der Zukunft \u2013 aus ungarischer Hand\" rel=\"nofollow\" target=\"_blank\"><img decoding=\"async\" src=\"https:\/\/cashlinksystems.com\/wp-content\/uploads\/2024\/11\/WhatsApp-Image-2024-11-25-at-e1732618002168.jpeg\" alt=\"A j\u00f6v\u0151 fizet\u00e9si megold\u00e1sai \u2013 magyar k\u00e9zb\u0151l\"\/><\/a>                <span class=\"blfe-post-category\"><a href=\"http:\/\/cashlinksystems.com\/de\/category\/keszpenz-forradalom\/\">Bargeldrevolution<\/a><\/span>                <div class=\"blfe-post-grid-details\">\n                    <div class=\"blfe-post-grid-details-inner\">\n                        <h3 class=\"blfe-post-grid-title\">\n            <a href=\"http:\/\/cashlinksystems.com\/de\/2025\/03\/21\/innovativ-fizetesi-megoldasok\/\" title=\"Die Zahlungs\u00adl\u00f6sungen der Zukunft \u2013 aus ungarischer Hand\" rel=\"nofollow\" target=\"_blank\">Die Zahlungs\u00adl\u00f6sungen der Zukunft \u2013 aus ungarischer Hand<\/a>\n            <\/h3>                        <p class=\"blfe-post-grid-excerpt\">Die CashLink Systems ist ein 100 % ungarisches Unternehmen, das innovative, sichere und effiziente Zahlungssysteme entwickelt und vertreibt...<\/p>                                    <div class=\"blfe-post-grid-meta\">\n                <span class=\"blfe-post-grid-author\"><i class=\"fa fa-user far fa-user\"><\/i>by <a href=\"http:\/\/cashlinksystems.com\/de\/author\/cashlinkhu\/\">cashlinkhu<\/a><\/span><span class=\"blfe-post-grid-date\"><i class=\"fa fa-calendar-alt far fa-calendar-alt\"><\/i>M\u00e4rz 21, 2025<\/span>            <\/div>\n                                                        <\/div>\n                <\/div>\n\n            <\/div>\n        <\/div>\n                <div class=\"blfe-post-grid-item\">\n            <div class=\"blfe-post-grid-item-inner blfe-modern-zoom\">\n                <a class=\"blfe-post-grid-image\" href=\"http:\/\/cashlinksystems.com\/de\/2025\/02\/25\/keszpenz-forradalom\/\" title=\"Warum lohnt es sich f\u00fcr ein Unternehmen, einen Bargeldautomaten zu nutzen?\" rel=\"nofollow\" target=\"_blank\"><img decoding=\"async\" src=\"https:\/\/cashlinksystems.com\/wp-content\/uploads\/2023\/12\/case-history-2.jpg\" alt=\"Mi\u00e9rt \u00e9rdemes k\u00e9szp\u00e9nz automat\u00e1t haszn\u00e1lni egy v\u00e1llalkoz\u00e1snak?\"\/><\/a>                <span class=\"blfe-post-category\"><a href=\"http:\/\/cashlinksystems.com\/de\/category\/keszpenz-forradalom\/\">Bargeldrevolution<\/a><\/span>                <div class=\"blfe-post-grid-details\">\n                    <div class=\"blfe-post-grid-details-inner\">\n                        <h3 class=\"blfe-post-grid-title\">\n            <a href=\"http:\/\/cashlinksystems.com\/de\/2025\/02\/25\/keszpenz-forradalom\/\" title=\"Warum lohnt es sich f\u00fcr ein Unternehmen, einen Bargeldautomaten zu nutzen?\" rel=\"nofollow\" target=\"_blank\">Warum lohnt es sich f\u00fcr ein Unternehmen, einen Bargeldautomaten zu nutzen?<\/a>\n            <\/h3>                        <p class=\"blfe-post-grid-excerpt\">F\u00fcr moderne Unternehmen ist ein effizientes Bargeldmanagement unerl\u00e4sslich. Ob Einzelhandel, Gastronomie oder andere Dienstleistungen \u2013 die Optimierung...<\/p>                                    <div class=\"blfe-post-grid-meta\">\n                <span class=\"blfe-post-grid-author\"><i class=\"fa fa-user far fa-user\"><\/i>by <a href=\"http:\/\/cashlinksystems.com\/de\/author\/cashlinkhu\/\">cashlinkhu<\/a><\/span><span class=\"blfe-post-grid-date\"><i class=\"fa fa-calendar-alt far fa-calendar-alt\"><\/i>Februar 25, 2025<\/span>            <\/div>\n                                                        <\/div>\n                <\/div>\n\n            <\/div>\n        <\/div>\n                        <\/div>\n\n                        <\/div>\n            \n                        <div class=\"blfe-post-footer\">\n                        <\/div>\n            \t\t\t\t<\/div>\n\t\t\t\t<\/div>\n\t\t\t\t\t<\/div>\n\t\t\t\t<\/div>\n\t\t\t\t<\/div>","protected":false},"excerpt":{"rendered":"<p>Nachricht<\/p>","protected":false},"author":1,"featured_media":0,"parent":0,"menu_order":0,"comment_status":"closed","ping_status":"closed","template":"","meta":{"content-type":"","om_disable_all_campaigns":false,"_uf_show_specific_survey":0,"_uf_disable_surveys":false,"site-sidebar-layout":"no-sidebar","site-content-layout":"page-builder","ast-site-content-layout":"","site-content-style":"default","site-sidebar-style":"default","ast-global-header-display":"","ast-banner-title-visibility":"","ast-main-header-display":"","ast-hfb-above-header-display":"","ast-hfb-below-header-display":"","ast-hfb-mobile-header-display":"","site-post-title":"disabled","ast-breadcrumbs-content":"disabled","ast-featured-img":"disabled","footer-sml-layout":"","theme-transparent-header-meta":"enabled","adv-header-id-meta":"","stick-header-meta":"","header-above-stick-meta":"","header-main-stick-meta":"","header-below-stick-meta":"","astra-migrate-meta-layouts":"default","ast-page-background-enabled":"default","ast-page-background-meta":{"desktop":{"background-color":"","background-image":"","background-repeat":"repeat","background-position":"center center","background-size":"auto","background-attachment":"scroll","background-type":"","background-media":"","overlay-type":"","overlay-color":"","overlay-gradient":""},"tablet":{"background-color":"","background-image":"","background-repeat":"repeat","background-position":"center center","background-size":"auto","background-attachment":"scroll","background-type":"","background-media":"","overlay-type":"","overlay-color":"","overlay-gradient":""},"mobile":{"background-color":"","background-image":"","background-repeat":"repeat","background-position":"center center","background-size":"auto","background-attachment":"scroll","background-type":"","background-media":"","overlay-type":"","overlay-color":"","overlay-gradient":""}},"ast-content-background-meta":{"desktop":{"background-color":"var(--ast-global-color-5)","background-image":"","background-repeat":"repeat","background-position":"center center","background-size":"auto","background-attachment":"scroll","background-type":"","background-media":"","overlay-type":"","overlay-color":"","overlay-gradient":""},"tablet":{"background-color":"var(--ast-global-color-5)","background-image":"","background-repeat":"repeat","background-position":"center center","background-size":"auto","background-attachment":"scroll","background-type":"","background-media":"","overlay-type":"","overlay-color":"","overlay-gradient":""},"mobile":{"background-color":"var(--ast-global-color-5)","background-image":"","background-repeat":"repeat","background-position":"center center","background-size":"auto","background-attachment":"scroll","background-type":"","background-media":"","overlay-type":"","overlay-color":"","overlay-gradient":""}},"footnotes":""},"class_list":["post-1816","page","type-page","status-publish","hentry"],"aioseo_notices":[],"_links":{"self":[{"href":"http:\/\/cashlinksystems.com\/de\/wp-json\/wp\/v2\/pages\/1816","targetHints":{"allow":["GET"]}}],"collection":[{"href":"http:\/\/cashlinksystems.com\/de\/wp-json\/wp\/v2\/pages"}],"about":[{"href":"http:\/\/cashlinksystems.com\/de\/wp-json\/wp\/v2\/types\/page"}],"author":[{"embeddable":true,"href":"http:\/\/cashlinksystems.com\/de\/wp-json\/wp\/v2\/users\/1"}],"replies":[{"embeddable":true,"href":"http:\/\/cashlinksystems.com\/de\/wp-json\/wp\/v2\/comments?post=1816"}],"version-history":[{"count":7,"href":"http:\/\/cashlinksystems.com\/de\/wp-json\/wp\/v2\/pages\/1816\/revisions"}],"predecessor-version":[{"id":1836,"href":"http:\/\/cashlinksystems.com\/de\/wp-json\/wp\/v2\/pages\/1816\/revisions\/1836"}],"wp:attachment":[{"href":"http:\/\/cashlinksystems.com\/de\/wp-json\/wp\/v2\/media?parent=1816"}],"curies":[{"name":"wp","href":"https:\/\/api.w.org\/{rel}","templated":true}]}}