{"id":1537,"date":"2024-02-06T12:28:35","date_gmt":"2024-02-06T12:28:35","guid":{"rendered":"https:\/\/cashlinksystems.com\/?page_id=1537"},"modified":"2024-03-14T10:23:37","modified_gmt":"2024-03-14T10:23:37","slug":"visualpay27","status":"publish","type":"page","link":"http:\/\/cashlinksystems.com\/de\/visualpay27\/","title":{"rendered":"VisualPay 27\/32"},"content":{"rendered":"<div data-elementor-type=\"wp-page\" data-elementor-id=\"1537\" class=\"elementor elementor-1537\">\n\t\t\t\t<div class=\"elementor-element elementor-element-9f863a2 e-con-full e-flex e-con e-parent\" data-id=\"9f863a2\" data-element_type=\"container\" data-settings=\"{&quot;background_background&quot;:&quot;classic&quot;,&quot;shape_divider_bottom&quot;:&quot;tilt&quot;}\">\n\t\t\t\t<div class=\"elementor-shape elementor-shape-bottom\" data-negative=\"false\">\n\t\t\t<svg xmlns=\"http:\/\/www.w3.org\/2000\/svg\" viewbox=\"0 0 1000 100\" preserveaspectratio=\"none\">\n\t<path class=\"elementor-shape-fill\" d=\"M0,6V0h1000v100L0,6z\"\/>\n<\/svg>\t\t<\/div>\n\t\t<div class=\"elementor-element elementor-element-8c0bb80 e-con-full e-flex e-con e-child\" data-id=\"8c0bb80\" data-element_type=\"container\">\n\t\t\t\t<div class=\"elementor-element elementor-element-1e5c661 elementor-widget elementor-widget-icon-box\" data-id=\"1e5c661\" data-element_type=\"widget\" data-widget_type=\"icon-box.default\">\n\t\t\t\t<div class=\"elementor-widget-container\">\n\t\t\t\t\t\t\t<div class=\"elementor-icon-box-wrapper\">\n\n\t\t\t\n\t\t\t\t\t\t<div class=\"elementor-icon-box-content\">\n\n\t\t\t\t\t\t\t\t\t<h1 class=\"elementor-icon-box-title\">\n\t\t\t\t\t\t<span  >\n\t\t\t\t\t\t\tVisualPay 27\/32\t\t\t\t\t\t<\/span>\n\t\t\t\t\t<\/h1>\n\t\t\t\t\n\t\t\t\t\n\t\t\t<\/div>\n\t\t\t\n\t\t<\/div>\n\t\t\t\t\t\t<\/div>\n\t\t\t\t<\/div>\n\t\t\t\t<\/div>\n\t\t\t\t<\/div>\n\t\t<div class=\"elementor-element elementor-element-65d059e e-flex e-con-boxed e-con e-parent\" data-id=\"65d059e\" data-element_type=\"container\">\n\t\t\t\t\t<div class=\"e-con-inner\">\n\t\t\t\t<div class=\"elementor-element elementor-element-39c626f elementor-widget elementor-widget-text-editor\" data-id=\"39c626f\" data-element_type=\"widget\" data-widget_type=\"text-editor.default\">\n\t\t\t\t<div class=\"elementor-widget-container\">\n\t\t\t\t\t\t\t\t\t<h6>Die VisualPay 27 und 32 sind automatisierte Kassensysteme, die den Kunden vom Moment der Produktauswahl bis hin zur endg\u00fcltigen Zahlungsmethode begleiten.<\/h6>\t\t\t\t\t\t\t\t<\/div>\n\t\t\t\t<\/div>\n\t\t\t\t\t<\/div>\n\t\t\t\t<\/div>\n\t\t<div class=\"elementor-element elementor-element-2e8c744 e-flex e-con-boxed e-con e-parent\" data-id=\"2e8c744\" data-element_type=\"container\">\n\t\t\t\t\t<div class=\"e-con-inner\">\n\t\t<div class=\"elementor-element elementor-element-bcd99d9 e-con-full e-flex e-con e-child\" data-id=\"bcd99d9\" data-element_type=\"container\">\n\t\t\t\t<div class=\"elementor-element elementor-element-8d9d126 elementor-widget elementor-widget-text-editor\" data-id=\"8d9d126\" data-element_type=\"widget\" data-widget_type=\"text-editor.default\">\n\t\t\t\t<div class=\"elementor-widget-container\">\n\t\t\t\t\t\t\t\t\t<p><span style=\"color: var( --e-global-color-d8cbaf9 ); font-family: Montserrat, sans-serif; font-size: 18px; font-weight: bold; text-transform: uppercase; text-align: var(--text-align); background-color: var(--ast-global-color-4);\">CASHMATIC<\/span><\/p>\n<p><span style=\"color: #3d5993; font-family: Montserrat, sans-serif; font-size: 2rem; font-weight: bold; text-transform: uppercase; text-align: var(--text-align); background-color: var(--ast-global-color-4);\">Visualpay 27\/32<\/span><\/p>\n<div>\n<p id=\"tw-target-text\" class=\"tw-data-text tw-text-large tw-ta\" dir=\"ltr\" data-placeholder=\"Translation\" data-ved=\"2ahUKEwifkoq5v5aEAxXSgP0HHeilDyEQ3ewLegQIBRAU\"><span class=\"Y2IQFc\" lang=\"hu\">Der VisualPay 27\/32 ist ein modulares und vielseitiges System, das es H\u00e4ndlern erm\u00f6glicht, ihre eigene Kiosk-L\u00f6sung zu konfigurieren, um sie in ihren Gesch\u00e4ften zu installieren und den Kunden zur Verf\u00fcgung zu stellen, damit diese einfach ausw\u00e4hlen, bestellen und direkt \u00fcber VisualPay bezahlen k\u00f6nnen.<\/span><\/p>\n<\/div>\t\t\t\t\t\t\t\t<\/div>\n\t\t\t\t<\/div>\n\t\t\t\t<\/div>\n\t\t<div class=\"elementor-element elementor-element-86e21a2 e-con-full e-flex e-con e-child\" data-id=\"86e21a2\" data-element_type=\"container\">\n\t\t\t\t<div class=\"elementor-element elementor-element-ac7823c elementor-widget elementor-widget-image\" data-id=\"ac7823c\" data-element_type=\"widget\" data-widget_type=\"image.default\">\n\t\t\t\t<div class=\"elementor-widget-container\">\n\t\t\t\t\t\t\t\t\t\t\t\t\t\t\t<img fetchpriority=\"high\" decoding=\"async\" width=\"467\" height=\"534\" src=\"https:\/\/cashlinksystems.com\/wp-content\/uploads\/2024\/02\/VP27_self_kiosk-removebg-preview.png\" class=\"attachment-full size-full wp-image-1529\" alt=\"\" srcset=\"https:\/\/cashlinksystems.com\/wp-content\/uploads\/2024\/02\/VP27_self_kiosk-removebg-preview.png 467w, https:\/\/cashlinksystems.com\/wp-content\/uploads\/2024\/02\/VP27_self_kiosk-removebg-preview-262x300.png 262w\" sizes=\"(max-width: 467px) 100vw, 467px\" \/>\t\t\t\t\t\t\t\t\t\t\t\t\t\t\t<\/div>\n\t\t\t\t<\/div>\n\t\t\t\t<\/div>\n\t\t\t\t\t<\/div>\n\t\t\t\t<\/div>\n\t\t<div class=\"elementor-element elementor-element-4bfe8da e-flex e-con-boxed e-con e-parent\" data-id=\"4bfe8da\" data-element_type=\"container\">\n\t\t\t\t\t<div class=\"e-con-inner\">\n\t\t\t\t<div class=\"elementor-element elementor-element-5119660 elementor-widget elementor-widget-text-editor\" data-id=\"5119660\" data-element_type=\"widget\" data-widget_type=\"text-editor.default\">\n\t\t\t\t<div class=\"elementor-widget-container\">\n\t\t\t\t\t\t\t\t\t<h6><img decoding=\"async\" class=\"alignnone wp-image-1302\" src=\"https:\/\/cashlinksystems.com\/wp-content\/uploads\/2024\/01\/caratteristiche_funzionali.png\" alt=\"\" width=\"65\" height=\"65\" \/>\u00a0 Funktionale Eigenschaften<\/h6><ul><li id=\"tw-target-text\" class=\"tw-data-text tw-text-large tw-ta\" dir=\"ltr\" data-placeholder=\"Translation\" data-ved=\"2ahUKEwi6rLnpu8uDAxWL6wIHHSJJAVEQ3ewLegQIBRAQ\"><p id=\"tw-target-text\" class=\"tw-data-text tw-text-large tw-ta\" dir=\"ltr\" data-placeholder=\"Translation\" data-ved=\"2ahUKEwifkoq5v5aEAxXSgP0HHeilDyEQ3ewLegQIBRAU\"><span class=\"Y2IQFc\" lang=\"hu\">Cashmatic hat zahlreiche Konfigurationsvorschl\u00e4ge entwickelt: Bei jedem von ihnen kann der Benutzer entscheiden, welche Zubeh\u00f6rteile er kombinieren und separat kaufen m\u00f6chte.<\/span><\/p><\/li><li class=\"tw-data-text tw-text-large tw-ta\" dir=\"ltr\" data-placeholder=\"Translation\" data-ved=\"2ahUKEwi6rLnpu8uDAxWL6wIHHSJJAVEQ3ewLegQIBRAQ\"><p id=\"tw-target-text\" class=\"tw-data-text tw-text-large tw-ta\" dir=\"ltr\" data-placeholder=\"Translation\" data-ved=\"2ahUKEwifkoq5v5aEAxXSgP0HHeilDyEQ3ewLegQIBRAU\"><span class=\"Y2IQFc\" lang=\"hu\">VisualPay ist die passende L\u00f6sung f\u00fcr alle Arten von Einzelhandel, genau deshalb, weil es je nach den verschiedenen verf\u00fcgbaren Zubeh\u00f6rteilen in unterschiedlichen Konfigurationen eingesetzt werden kann.<\/span><\/p><\/li><\/ul>\t\t\t\t\t\t\t\t<\/div>\n\t\t\t\t<\/div>\n\t\t\t\t\t<\/div>\n\t\t\t\t<\/div>\n\t\t<div class=\"elementor-element elementor-element-fc4f4b1 e-flex e-con-boxed e-con e-parent\" data-id=\"fc4f4b1\" data-element_type=\"container\">\n\t\t\t\t\t<div class=\"e-con-inner\">\n\t\t\t\t<div class=\"elementor-element elementor-element-052206f elementor-widget elementor-widget-text-editor\" data-id=\"052206f\" data-element_type=\"widget\" data-widget_type=\"text-editor.default\">\n\t\t\t\t<div class=\"elementor-widget-container\">\n\t\t\t\t\t\t\t\t\t<h6><img decoding=\"async\" class=\"alignnone wp-image-1264\" src=\"https:\/\/cashlinksystems.com\/wp-content\/uploads\/2024\/01\/sicurezza.png\" alt=\"\" width=\"65\" height=\"65\" \/>\u00a0 Erh\u00f6hung der Sicherheit<\/h6><ul><li><p id=\"tw-target-text\" class=\"tw-data-text tw-text-large tw-ta\" dir=\"ltr\" data-placeholder=\"Translation\" data-ved=\"2ahUKEwifkoq5v5aEAxXSgP0HHeilDyEQ3ewLegQIBRAU\"><span class=\"Y2IQFc\" lang=\"hu\">Die Basisausf\u00fchrung von VisualPay besteht aus einem PC mit einem 27\u2033 oder 32\u2033 Bildschirm, der je nach den gew\u00fcnschten Zubeh\u00f6rteilen zu einer L\u00f6sung kombiniert wird, die am besten den gesch\u00e4ftlichen Anforderungen des Nutzers entspricht.<\/span><\/p><\/li><\/ul>\t\t\t\t\t\t\t\t<\/div>\n\t\t\t\t<\/div>\n\t\t\t\t\t<\/div>\n\t\t\t\t<\/div>\n\t\t<div class=\"elementor-element elementor-element-b84163d e-flex e-con-boxed e-con e-parent\" data-id=\"b84163d\" data-element_type=\"container\">\n\t\t\t\t\t<div class=\"e-con-inner\">\n\t\t\t\t<div class=\"elementor-element elementor-element-2c558e8 elementor-widget elementor-widget-text-editor\" data-id=\"2c558e8\" data-element_type=\"widget\" data-widget_type=\"text-editor.default\">\n\t\t\t\t<div class=\"elementor-widget-container\">\n\t\t\t\t\t\t\t\t\t<p>Gr\u00f6\u00dfen:<\/p><ul><li><strong>H\u00f6he:<\/strong> 170,9 cm, 177,9 cm<\/li><li><strong>Breite:<\/strong> 65 cm, 60,6 cm\u00a0<\/li><li><strong>Tiefe:<\/strong> 49 cm, 31,5 cm<\/li><\/ul><p>\u00a0 \u00a0 <a href=\"https:\/\/cashlinksystems.com\/wp-content\/uploads\/2024\/02\/VP27_Self_Kiosk.svg\"><img loading=\"lazy\" decoding=\"async\" class=\"alignnone wp-image-1575\" src=\"https:\/\/cashlinksystems.com\/wp-content\/uploads\/2024\/02\/VP27_Self_Kiosk.svg\" alt=\"\" width=\"81\" height=\"220\" \/><\/a>\u00a0 \u00a0 \u00a0 \u00a0<img decoding=\"async\" class=\"alignnone wp-image-1576\" src=\"https:\/\/cashlinksystems.com\/wp-content\/uploads\/2024\/02\/VP32.svg\" alt=\"\" width=\"85\" \/><\/p>\t\t\t\t\t\t\t\t<\/div>\n\t\t\t\t<\/div>\n\t\t\t\t\t<\/div>\n\t\t\t\t<\/div>\n\t\t<div class=\"elementor-element elementor-element-0b8a927 e-flex e-con-boxed e-con e-parent\" data-id=\"0b8a927\" data-element_type=\"container\">\n\t\t\t\t\t<div class=\"e-con-inner\">\n\t\t\t\t<div class=\"elementor-element elementor-element-34ac484 elementor-arrows-position-inside elementor-pagination-position-outside elementor-widget elementor-widget-image-carousel\" data-id=\"34ac484\" data-element_type=\"widget\" data-settings=\"{&quot;navigation&quot;:&quot;both&quot;,&quot;autoplay&quot;:&quot;yes&quot;,&quot;pause_on_hover&quot;:&quot;yes&quot;,&quot;pause_on_interaction&quot;:&quot;yes&quot;,&quot;autoplay_speed&quot;:5000,&quot;infinite&quot;:&quot;yes&quot;,&quot;speed&quot;:500}\" data-widget_type=\"image-carousel.default\">\n\t\t\t\t<div class=\"elementor-widget-container\">\n\t\t\t\t\t\t\t<div class=\"elementor-image-carousel-wrapper swiper\" role=\"region\" aria-roledescription=\"carousel\" aria-label=\"Bild Karussell\" dir=\"ltr\">\n\t\t\t<div class=\"elementor-image-carousel swiper-wrapper\" aria-live=\"off\">\n\t\t\t\t\t\t\t\t<div class=\"swiper-slide\" role=\"group\" aria-roledescription=\"slide\" aria-label=\"1 von 5\"><figure class=\"swiper-slide-inner\"><img decoding=\"async\" class=\"swiper-slide-image\" src=\"https:\/\/cashlinksystems.com\/wp-content\/uploads\/2024\/03\/WhatsApp-Image-2024-02-21-at-12.57.52_5dea3024-169x300.jpg\" alt=\"CashLink \u00d6nkiszolg\u00e1l\u00f3 Kioszk Termin\u00e1l\" \/><\/figure><\/div><div class=\"swiper-slide\" role=\"group\" aria-roledescription=\"slide\" aria-label=\"2 von 5\"><figure class=\"swiper-slide-inner\"><img decoding=\"async\" class=\"swiper-slide-image\" src=\"https:\/\/cashlinksystems.com\/wp-content\/uploads\/2024\/03\/WhatsApp-Image-2024-02-21-at-12.57.53_af525bcc-225x300.jpg\" alt=\"CashLink \u00d6nkiszolg\u00e1l\u00f3 Kioszk Termin\u00e1l\" \/><\/figure><\/div><div class=\"swiper-slide\" role=\"group\" aria-roledescription=\"slide\" aria-label=\"3 von 5\"><figure class=\"swiper-slide-inner\"><img decoding=\"async\" class=\"swiper-slide-image\" src=\"https:\/\/cashlinksystems.com\/wp-content\/uploads\/2024\/03\/WhatsApp-Image-2024-02-21-at-12.57.53_e9e700e1-300x300.jpg\" alt=\"CashLink \u00d6nkiszolg\u00e1l\u00f3 Kioszk Termin\u00e1l\" \/><\/figure><\/div><div class=\"swiper-slide\" role=\"group\" aria-roledescription=\"slide\" aria-label=\"4 von 5\"><figure class=\"swiper-slide-inner\"><img decoding=\"async\" class=\"swiper-slide-image\" src=\"https:\/\/cashlinksystems.com\/wp-content\/uploads\/2024\/03\/WhatsApp-Image-2024-02-21-at-12.57.54_8d6569d8-240x300.jpg\" alt=\"CashLink \u00d6nkiszolg\u00e1l\u00f3 Kioszk Termin\u00e1l\" \/><\/figure><\/div><div class=\"swiper-slide\" role=\"group\" aria-roledescription=\"slide\" aria-label=\"5 von 5\"><figure class=\"swiper-slide-inner\"><img decoding=\"async\" class=\"swiper-slide-image\" src=\"https:\/\/cashlinksystems.com\/wp-content\/uploads\/2024\/03\/WhatsApp-Image-2024-02-21-at-12.59.22_d14d6838-225x300.jpg\" alt=\"CashLink \u00d6nkiszolg\u00e1l\u00f3 Kioszk Termin\u00e1l\" \/><\/figure><\/div>\t\t\t<\/div>\n\t\t\t\t\t\t\t\t\t\t\t\t<div class=\"elementor-swiper-button elementor-swiper-button-prev\" role=\"button\" tabindex=\"0\">\n\t\t\t\t\t\t<svg aria-hidden=\"true\" class=\"e-font-icon-svg e-eicon-chevron-left\" viewbox=\"0 0 1000 1000\" xmlns=\"http:\/\/www.w3.org\/2000\/svg\"><path d=\"M646 125C629 125 613 133 604 142L308 442C296 454 292 471 292 487 292 504 296 521 308 533L604 854C617 867 629 875 646 875 663 875 679 871 692 858 704 846 713 829 713 812 713 796 708 779 692 767L438 487 692 225C700 217 708 204 708 187 708 171 704 154 692 142 675 129 663 125 646 125Z\"><\/path><\/svg>\t\t\t\t\t<\/div>\n\t\t\t\t\t<div class=\"elementor-swiper-button elementor-swiper-button-next\" role=\"button\" tabindex=\"0\">\n\t\t\t\t\t\t<svg aria-hidden=\"true\" class=\"e-font-icon-svg e-eicon-chevron-right\" viewbox=\"0 0 1000 1000\" xmlns=\"http:\/\/www.w3.org\/2000\/svg\"><path d=\"M696 533C708 521 713 504 713 487 713 471 708 454 696 446L400 146C388 133 375 125 354 125 338 125 325 129 313 142 300 154 292 171 292 187 292 204 296 221 308 233L563 492 304 771C292 783 288 800 288 817 288 833 296 850 308 863 321 871 338 875 354 875 371 875 388 867 400 854L696 533Z\"><\/path><\/svg>\t\t\t\t\t<\/div>\n\t\t\t\t\n\t\t\t\t\t\t\t\t\t<div class=\"swiper-pagination\"><\/div>\n\t\t\t\t\t\t\t\t\t<\/div>\n\t\t\t\t\t\t<\/div>\n\t\t\t\t<\/div>\n\t\t\t\t\t<\/div>\n\t\t\t\t<\/div>\n\t\t<div class=\"elementor-element elementor-element-1dccd77 e-flex e-con-boxed e-con e-child\" data-id=\"1dccd77\" data-element_type=\"container\" data-settings=\"{&quot;background_background&quot;:&quot;classic&quot;}\">\n\t\t\t\t\t<div class=\"e-con-inner\">\n\t\t\t\t<div class=\"elementor-element elementor-element-22de6a8 elementor-widget elementor-widget-wpforms\" data-id=\"22de6a8\" data-element_type=\"widget\" data-widget_type=\"wpforms.default\">\n\t\t\t\t<div class=\"elementor-widget-container\">\n\t\t\t\t\t<div class=\"wpforms-container\" id=\"wpforms-1071\"><form id=\"wpforms-form-1071\" class=\"wpforms-validate wpforms-form\" data-formid=\"1071\" method=\"post\" enctype=\"multipart\/form-data\" action=\"\/de\/wp-json\/wp\/v2\/pages\/1537\" data-token=\"28ae534e300c7f2c6f4a148bfb3b4c57\" data-token-time=\"1776366051\" data-trp-original-action=\"\/de\/wp-json\/wp\/v2\/pages\/1537\"><div class=\"wpforms-head-container\"><div class=\"wpforms-title\">F\u00fcr weitere Informationen kontaktieren Sie uns:<\/div><\/div><noscript class=\"wpforms-error-noscript\">Bitte aktiviere JavaScript in deinem Browser, um dieses Formular fertigzustellen.<\/noscript><div class=\"wpforms-field-container\"><div id=\"wpforms-1071-field_0-container\" class=\"wpforms-field wpforms-field-name\" data-field-id=\"0\"><label class=\"wpforms-field-label\" for=\"wpforms-1071-field_0\">Name <span class=\"wpforms-required-label\">*<\/span><\/label><input type=\"text\" id=\"wpforms-1071-field_0\" class=\"wpforms-field-large wpforms-field-required\" name=\"wpforms[fields][0]\" required><\/div><div id=\"wpforms-1071-field_1-container\" class=\"wpforms-field wpforms-field-email\" data-field-id=\"1\"><label class=\"wpforms-field-label\" for=\"wpforms-1071-field_1\">E-Mail Adresse <span class=\"wpforms-required-label\">*<\/span><\/label><input type=\"email\" id=\"wpforms-1071-field_1\" class=\"wpforms-field-large wpforms-field-required\" name=\"wpforms[fields][1]\" spellcheck=\"false\" required><\/div><div id=\"wpforms-1071-field_3-container\" class=\"wpforms-field wpforms-field-text\" data-field-id=\"3\"><label class=\"wpforms-field-label\" for=\"wpforms-1071-field_3\">Telefonnummer <span class=\"wpforms-required-label\">*<\/span><\/label><input type=\"text\" id=\"wpforms-1071-field_3\" class=\"wpforms-field-medium wpforms-field-required\" name=\"wpforms[fields][3]\" required><\/div><div id=\"wpforms-1071-field_2-container\" class=\"wpforms-field wpforms-field-textarea\" data-field-id=\"2\"><label class=\"wpforms-field-label\" for=\"wpforms-1071-field_2\">Nachricht <span class=\"wpforms-required-label\">*<\/span><\/label><textarea id=\"wpforms-1071-field_2\" class=\"wpforms-field-medium wpforms-field-required\" name=\"wpforms[fields][2]\" required><\/textarea><\/div><\/div><!-- .wpforms-field-container --><div class=\"wpforms-submit-container\" ><input type=\"hidden\" name=\"wpforms[id]\" value=\"1071\"><input type=\"hidden\" name=\"page_title\" value=\"\"><input type=\"hidden\" name=\"page_url\" value=\"http:\/\/cashlinksystems.com\/de\/wp-json\/wp\/v2\/pages\/1537\"><button type=\"submit\" name=\"wpforms[submit]\" id=\"wpforms-submit-1071\" class=\"wpforms-submit\" data-alt-text=\"K\u00fcld\u00e9s...\" data-submit-text=\"\u00dczenet k\u00fcld\u00e9se\" aria-live=\"assertive\" value=\"wpforms-submit\">SENDEN<\/button><\/div><input type=\"hidden\" name=\"trp-form-language\" value=\"de\"\/><\/form><\/div>  <!-- .wpforms-container -->\t\t\t\t<\/div>\n\t\t\t\t<\/div>\n\t\t\t\t\t<\/div>\n\t\t\t\t<\/div>\n\t\t\t\t<\/div>","protected":false},"excerpt":{"rendered":"<p>VisualPay 27\/32 A VisualPay 27 \u00e9s 32 automatiz\u00e1lt p\u00e9nzt\u00e1rosok, amelyek k\u00f6vetik az \u00fcgyfelet a term\u00e9kv\u00e1laszt\u00e1s pillanat\u00e1t\u00f3l a v\u00e9gs\u0151 fizet\u00e9si m\u00f3dig. CASHMATIC Visualpay 27\/32 A VisualPay 27\/32 egy modul\u00e1ris \u00e9s sokoldal\u00fa rendszer, amely lehet\u0151v\u00e9 teszi a keresked\u0151k sz\u00e1m\u00e1ra, hogy konfigur\u00e1lj\u00e1k saj\u00e1t Kioszk-megold\u00e1sukat, hogy beszerelj\u00e9k \u00fczleteikbe, \u00e9s el\u00e9rhet\u0151v\u00e9 tegy\u00e9k a v\u00e1s\u00e1rl\u00f3k sz\u00e1m\u00e1ra, akik k\u00f6nnyen v\u00e1laszthatnak, rendelhetnek \u00e9s &hellip;<\/p>\n<p class=\"read-more\"> <a class=\"\" href=\"http:\/\/cashlinksystems.com\/de\/visualpay27\/\"> <span class=\"screen-reader-text\">VisualPay 27\/32<\/span> Weiterlesen &raquo;<\/a><\/p>","protected":false},"author":1,"featured_media":0,"parent":0,"menu_order":0,"comment_status":"closed","ping_status":"closed","template":"","meta":{"content-type":"","om_disable_all_campaigns":false,"_uf_show_specific_survey":0,"_uf_disable_surveys":false,"site-sidebar-layout":"no-sidebar","site-content-layout":"page-builder","ast-site-content-layout":"","site-content-style":"default","site-sidebar-style":"default","ast-global-header-display":"","ast-banner-title-visibility":"","ast-main-header-display":"","ast-hfb-above-header-display":"","ast-hfb-below-header-display":"","ast-hfb-mobile-header-display":"","site-post-title":"disabled","ast-breadcrumbs-content":"disabled","ast-featured-img":"disabled","footer-sml-layout":"","theme-transparent-header-meta":"enabled","adv-header-id-meta":"","stick-header-meta":"","header-above-stick-meta":"","header-main-stick-meta":"","header-below-stick-meta":"","astra-migrate-meta-layouts":"default","ast-page-background-enabled":"default","ast-page-background-meta":{"desktop":{"background-color":"","background-image":"","background-repeat":"repeat","background-position":"center center","background-size":"auto","background-attachment":"scroll","background-type":"","background-media":"","overlay-type":"","overlay-color":"","overlay-gradient":""},"tablet":{"background-color":"","background-image":"","background-repeat":"repeat","background-position":"center center","background-size":"auto","background-attachment":"scroll","background-type":"","background-media":"","overlay-type":"","overlay-color":"","overlay-gradient":""},"mobile":{"background-color":"","background-image":"","background-repeat":"repeat","background-position":"center center","background-size":"auto","background-attachment":"scroll","background-type":"","background-media":"","overlay-type":"","overlay-color":"","overlay-gradient":""}},"ast-content-background-meta":{"desktop":{"background-color":"var(--ast-global-color-5)","background-image":"","background-repeat":"repeat","background-position":"center center","background-size":"auto","background-attachment":"scroll","background-type":"","background-media":"","overlay-type":"","overlay-color":"","overlay-gradient":""},"tablet":{"background-color":"var(--ast-global-color-5)","background-image":"","background-repeat":"repeat","background-position":"center center","background-size":"auto","background-attachment":"scroll","background-type":"","background-media":"","overlay-type":"","overlay-color":"","overlay-gradient":""},"mobile":{"background-color":"var(--ast-global-color-5)","background-image":"","background-repeat":"repeat","background-position":"center center","background-size":"auto","background-attachment":"scroll","background-type":"","background-media":"","overlay-type":"","overlay-color":"","overlay-gradient":""}},"footnotes":""},"class_list":["post-1537","page","type-page","status-publish","hentry"],"aioseo_notices":[],"_links":{"self":[{"href":"http:\/\/cashlinksystems.com\/de\/wp-json\/wp\/v2\/pages\/1537","targetHints":{"allow":["GET"]}}],"collection":[{"href":"http:\/\/cashlinksystems.com\/de\/wp-json\/wp\/v2\/pages"}],"about":[{"href":"http:\/\/cashlinksystems.com\/de\/wp-json\/wp\/v2\/types\/page"}],"author":[{"embeddable":true,"href":"http:\/\/cashlinksystems.com\/de\/wp-json\/wp\/v2\/users\/1"}],"replies":[{"embeddable":true,"href":"http:\/\/cashlinksystems.com\/de\/wp-json\/wp\/v2\/comments?post=1537"}],"version-history":[{"count":10,"href":"http:\/\/cashlinksystems.com\/de\/wp-json\/wp\/v2\/pages\/1537\/revisions"}],"predecessor-version":[{"id":1681,"href":"http:\/\/cashlinksystems.com\/de\/wp-json\/wp\/v2\/pages\/1537\/revisions\/1681"}],"wp:attachment":[{"href":"http:\/\/cashlinksystems.com\/de\/wp-json\/wp\/v2\/media?parent=1537"}],"curies":[{"name":"wp","href":"https:\/\/api.w.org\/{rel}","templated":true}]}}