{"id":1533,"date":"2024-02-06T12:28:12","date_gmt":"2024-02-06T12:28:12","guid":{"rendered":"https:\/\/cashlinksystems.com\/?page_id=1533"},"modified":"2024-02-06T13:28:36","modified_gmt":"2024-02-06T13:28:36","slug":"visualpay17","status":"publish","type":"page","link":"http:\/\/cashlinksystems.com\/de\/visualpay17\/","title":{"rendered":"VisualPay 17"},"content":{"rendered":"<div data-elementor-type=\"wp-page\" data-elementor-id=\"1533\" class=\"elementor elementor-1533\">\n\t\t\t\t<div class=\"elementor-element elementor-element-9f863a2 e-con-full e-flex e-con e-parent\" data-id=\"9f863a2\" data-element_type=\"container\" data-settings=\"{&quot;background_background&quot;:&quot;classic&quot;,&quot;shape_divider_bottom&quot;:&quot;tilt&quot;}\">\n\t\t\t\t<div class=\"elementor-shape elementor-shape-bottom\" data-negative=\"false\">\n\t\t\t<svg xmlns=\"http:\/\/www.w3.org\/2000\/svg\" viewbox=\"0 0 1000 100\" preserveaspectratio=\"none\">\n\t<path class=\"elementor-shape-fill\" d=\"M0,6V0h1000v100L0,6z\"\/>\n<\/svg>\t\t<\/div>\n\t\t<div class=\"elementor-element elementor-element-8c0bb80 e-con-full e-flex e-con e-child\" data-id=\"8c0bb80\" data-element_type=\"container\">\n\t\t\t\t<div class=\"elementor-element elementor-element-1e5c661 elementor-widget elementor-widget-icon-box\" data-id=\"1e5c661\" data-element_type=\"widget\" data-widget_type=\"icon-box.default\">\n\t\t\t\t<div class=\"elementor-widget-container\">\n\t\t\t\t\t\t\t<div class=\"elementor-icon-box-wrapper\">\n\n\t\t\t\n\t\t\t\t\t\t<div class=\"elementor-icon-box-content\">\n\n\t\t\t\t\t\t\t\t\t<h1 class=\"elementor-icon-box-title\">\n\t\t\t\t\t\t<span  >\n\t\t\t\t\t\t\tVisualPay 17\t\t\t\t\t\t<\/span>\n\t\t\t\t\t<\/h1>\n\t\t\t\t\n\t\t\t\t\n\t\t\t<\/div>\n\t\t\t\n\t\t<\/div>\n\t\t\t\t\t\t<\/div>\n\t\t\t\t<\/div>\n\t\t\t\t<\/div>\n\t\t\t\t<\/div>\n\t\t<div class=\"elementor-element elementor-element-2e8c744 e-flex e-con-boxed e-con e-parent\" data-id=\"2e8c744\" data-element_type=\"container\">\n\t\t\t\t\t<div class=\"e-con-inner\">\n\t\t<div class=\"elementor-element elementor-element-bcd99d9 e-con-full e-flex e-con e-child\" data-id=\"bcd99d9\" data-element_type=\"container\">\n\t\t\t\t<div class=\"elementor-element elementor-element-8d9d126 elementor-widget elementor-widget-text-editor\" data-id=\"8d9d126\" data-element_type=\"widget\" data-widget_type=\"text-editor.default\">\n\t\t\t\t<div class=\"elementor-widget-container\">\n\t\t\t\t\t\t\t\t\t<p><span style=\"color: var( --e-global-color-d8cbaf9 ); font-family: Montserrat, sans-serif; font-size: 18px; font-weight: bold; text-transform: uppercase; text-align: var(--text-align); background-color: var(--ast-global-color-4);\">Cashmatic<\/span><\/p><p><span style=\"color: #3d5993; font-family: Montserrat, sans-serif; font-size: 2rem; font-weight: bold; text-transform: uppercase; text-align: var(--text-align); background-color: var(--ast-global-color-4);\">Visualpay 17<\/span><\/p><div><p id=\"tw-target-text\" class=\"tw-data-text tw-text-large tw-ta\" dir=\"ltr\" data-placeholder=\"Translation\" data-ved=\"2ahUKEwifkoq5v5aEAxXSgP0HHeilDyEQ3ewLegQIBRAU\"><span class=\"Y2IQFc\" lang=\"hu\">Da es auf verschiedene Weise konfiguriert werden kann, eignet es sich perfekt als Haupt- oder Nebenkasse f\u00fcr verschiedene Unternehmen. Diese automatische Kasse umfasst alle L\u00f6sungen von Cashmatic. Die VisualPay 17-Konfigurationen sind so konzipiert, dass sie den Endverbraucher von der Auswahl des Produkts bis zur Bezahlung begleiten, die entweder bar oder elektronisch erfolgen kann. <\/span><\/p><p class=\"tw-data-text tw-text-large tw-ta\" dir=\"ltr\" data-placeholder=\"Translation\" data-ved=\"2ahUKEwifkoq5v5aEAxXSgP0HHeilDyEQ3ewLegQIBRAU\"><span class=\"Y2IQFc\" lang=\"hu\">VisualPay 17 ist die perfekte Wahl f\u00fcr alle, die nach einem kompakten, effizienten und sicheren Zahlungssystem suchen. Ideal f\u00fcr Unternehmen, die Zahlungen automatisieren und das Kundenerlebnis mit zuverl\u00e4ssiger und innovativer Technologie verbessern m\u00f6chten.<\/span><\/p><\/div>\t\t\t\t\t\t\t\t<\/div>\n\t\t\t\t<\/div>\n\t\t\t\t<\/div>\n\t\t<div class=\"elementor-element elementor-element-86e21a2 e-con-full e-flex e-con e-child\" data-id=\"86e21a2\" data-element_type=\"container\" data-settings=\"{&quot;background_background&quot;:&quot;classic&quot;}\">\n\t\t\t\t<div class=\"elementor-element elementor-element-ac7823c elementor-widget elementor-widget-image\" data-id=\"ac7823c\" data-element_type=\"widget\" data-widget_type=\"image.default\">\n\t\t\t\t<div class=\"elementor-widget-container\">\n\t\t\t\t\t\t\t\t\t\t\t\t\t\t\t<img fetchpriority=\"high\" decoding=\"async\" width=\"2717\" height=\"2717\" src=\"https:\/\/cashlinksystems.com\/wp-content\/uploads\/2024\/02\/cashmatic-visualpay-17-desk.png\" class=\"attachment-full size-full wp-image-1567\" alt=\"\" srcset=\"https:\/\/cashlinksystems.com\/wp-content\/uploads\/2024\/02\/cashmatic-visualpay-17-desk.png 2717w, https:\/\/cashlinksystems.com\/wp-content\/uploads\/2024\/02\/cashmatic-visualpay-17-desk-300x300.png 300w, https:\/\/cashlinksystems.com\/wp-content\/uploads\/2024\/02\/cashmatic-visualpay-17-desk-1024x1024.png 1024w, https:\/\/cashlinksystems.com\/wp-content\/uploads\/2024\/02\/cashmatic-visualpay-17-desk-150x150.png 150w, https:\/\/cashlinksystems.com\/wp-content\/uploads\/2024\/02\/cashmatic-visualpay-17-desk-768x768.png 768w, https:\/\/cashlinksystems.com\/wp-content\/uploads\/2024\/02\/cashmatic-visualpay-17-desk-1536x1536.png 1536w, https:\/\/cashlinksystems.com\/wp-content\/uploads\/2024\/02\/cashmatic-visualpay-17-desk-2048x2048.png 2048w\" sizes=\"(max-width: 2717px) 100vw, 2717px\" \/>\t\t\t\t\t\t\t\t\t\t\t\t\t\t\t<\/div>\n\t\t\t\t<\/div>\n\t\t\t\t<\/div>\n\t\t\t\t\t<\/div>\n\t\t\t\t<\/div>\n\t\t<div class=\"elementor-element elementor-element-fc4f4b1 e-flex e-con-boxed e-con e-parent\" data-id=\"fc4f4b1\" data-element_type=\"container\">\n\t\t\t\t\t<div class=\"e-con-inner\">\n\t\t\t\t<div class=\"elementor-element elementor-element-052206f elementor-widget elementor-widget-text-editor\" data-id=\"052206f\" data-element_type=\"widget\" data-widget_type=\"text-editor.default\">\n\t\t\t\t<div class=\"elementor-widget-container\">\n\t\t\t\t\t\t\t\t\t<h6><img decoding=\"async\" class=\"alignnone wp-image-1302\" src=\"https:\/\/cashlinksystems.com\/wp-content\/uploads\/2024\/01\/caratteristiche_funzionali.png\" alt=\"\" width=\"65\" height=\"65\" \/>\u00a0 Funktionale Eigenschaften<\/h6><ul><li>Dank seiner kompakten Gr\u00f6\u00dfe und Vielseitigkeit kann es an jedem Verkaufsort installiert werden.<\/li><li>Ideal f\u00fcr die automatisierte Kasse zur Verwaltung von elektronischen Bestellungen und Zahlungen.<\/li><li>Druckerschutzabdeckung: Verhindert unsachgem\u00e4\u00dfe Handhabung des Druckers, sch\u00fctzt vor St\u00f6\u00dfen und\/oder unerwartetem Abschalten.<\/li><li>Es kommuniziert klar und intuitiv mit dem Benutzer \u00fcber den gro\u00dfen integrierten Bildschirm.<\/li><\/ul>\t\t\t\t\t\t\t\t<\/div>\n\t\t\t\t<\/div>\n\t\t\t\t\t<\/div>\n\t\t\t\t<\/div>\n\t\t<div class=\"elementor-element elementor-element-b84163d e-flex e-con-boxed e-con e-parent\" data-id=\"b84163d\" data-element_type=\"container\">\n\t\t\t\t\t<div class=\"e-con-inner\">\n\t\t\t\t<div class=\"elementor-element elementor-element-2c558e8 elementor-widget elementor-widget-text-editor\" data-id=\"2c558e8\" data-element_type=\"widget\" data-widget_type=\"text-editor.default\">\n\t\t\t\t<div class=\"elementor-widget-container\">\n\t\t\t\t\t\t\t\t\t<p>Gr\u00f6\u00dfen:<\/p><ul><li><strong>H\u00f6he:<\/strong>\u00a059,95 cm<\/li><li><strong>Breite:<\/strong>\u00a044,7 cm<\/li><li><strong>Tiefe:<\/strong>\u00a023,4 cm<\/li><\/ul><p>\u00a0 \u00a0 <a href=\"https:\/\/cashlinksystems.com\/wp-content\/uploads\/2024\/02\/cashmatic-visualpay-17-desk-outline.svg\"><img decoding=\"async\" class=\"alignnone wp-image-1570\" src=\"https:\/\/cashlinksystems.com\/wp-content\/uploads\/2024\/02\/cashmatic-visualpay-17-desk-outline.svg\" alt=\"\" width=\"300\" height=\"300\" \/><\/a>\u00a0 \u00a0 \u00a0 \u00a0<\/p>\t\t\t\t\t\t\t\t<\/div>\n\t\t\t\t<\/div>\n\t\t\t\t\t<\/div>\n\t\t\t\t<\/div>\n\t\t<div class=\"elementor-element elementor-element-46bbd92 e-flex e-con-boxed e-con e-parent\" data-id=\"46bbd92\" data-element_type=\"container\">\n\t\t\t\t\t<div class=\"e-con-inner\">\n\t\t\t\t<div class=\"elementor-element elementor-element-11ba94f elementor-widget elementor-widget-text-editor\" data-id=\"11ba94f\" data-element_type=\"widget\" data-widget_type=\"text-editor.default\">\n\t\t\t\t<div class=\"elementor-widget-container\">\n\t\t\t\t\t\t\t\t\t<h6><img loading=\"lazy\" decoding=\"async\" class=\"alignnone wp-image-1300\" src=\"https:\/\/cashlinksystems.com\/wp-content\/uploads\/2024\/01\/caratteristiche_tecniche.png\" alt=\"\" width=\"65\" height=\"65\">&nbsp; Technische Eigenschaften<\/h6>\n<ul>\n<li>ANZEIGE: 17 Zoll HD-Touchscreen<\/li>\n<li>CPU: Intel Celeron J4105, RAM 8 GB, SSD 128 GB<\/li>\n<li>AUFL\u00d6SUNG: HD 1280\u00d71024 \/ 1024\u00d71280<\/li>\n<\/ul>\n<p>Die erste Konfiguration hei\u00dft VisualPay 17 Desk und ist die einfachste L\u00f6sung, die direkt auf der Werkbank installiert wird.Die Konfiguration besteht aus VisualPay 17 Desk neben oder auf einem SelfPay 460 oder 860 Ger\u00e4t<\/p>\t\t\t\t\t\t\t\t<\/div>\n\t\t\t\t<\/div>\n\t\t\t\t\t<\/div>\n\t\t\t\t<\/div>\n\t\t<div class=\"elementor-element elementor-element-2af499b e-flex e-con-boxed e-con e-parent\" data-id=\"2af499b\" data-element_type=\"container\">\n\t\t\t\t\t<div class=\"e-con-inner\">\n\t\t\t\t<div class=\"elementor-element elementor-element-e616f98 elementor-widget elementor-widget-text-editor\" data-id=\"e616f98\" data-element_type=\"widget\" data-widget_type=\"text-editor.default\">\n\t\t\t\t<div class=\"elementor-widget-container\">\n\t\t\t\t\t\t\t\t\t<h6 id=\"tw-target-text\" class=\"tw-data-text tw-text-large tw-ta\" dir=\"ltr\" data-placeholder=\"Translation\" data-ved=\"2ahUKEwi6rLnpu8uDAxWL6wIHHSJJAVEQ3ewLegQIBRAQ\"><span class=\"Y2IQFc\" lang=\"hu\"><img loading=\"lazy\" decoding=\"async\" class=\"alignnone wp-image-1301\" src=\"https:\/\/cashlinksystems.com\/wp-content\/uploads\/2024\/01\/guida_alla_scelta.png\" alt=\"\" width=\"65\" height=\"65\" \/>\u00a0 Anleitung<\/span><\/h6><p>Der VisualPay 17 Desk ist eine automatische Kasse, die f\u00fcr die Verwaltung von elektronischen Bestellungen und Zahlungen geeignet ist.\u00a0<\/p><p><strong>F\u00dcR DEN EINZELHANDEL<\/strong><\/p><ul><li><span style=\"font-size: 16px;\">Dies ist eine einfache L\u00f6sung, die geeignet ist, lange Warteschlangen an der Kasse zu beseitigen: Sie automatisiert den gesamten Prozess vom Produktauswahl bis zur Bezahlung. Der VisualPay 17 Desk, da er grunds\u00e4tzlich ein PC ist, kann mit n\u00fctzlicher Software f\u00fcr die Bestellverwaltung konfiguriert werden.<\/span><\/li><\/ul><p><strong>F\u00dcR DEN KUNDEN<\/strong><\/p><ul><li>Dieses Produkt kann an den Endverbraucher gerichtet werden, der das Produkt ausw\u00e4hlen, bestellen und direkt per elektronischer Zahlung bezahlen kann. Der VisualPay 17 Desk respektiert die Zeit des Kunden und begleitet ihn durch den gesamten Prozess.<\/li><\/ul>\t\t\t\t\t\t\t\t<\/div>\n\t\t\t\t<\/div>\n\t\t\t\t\t<\/div>\n\t\t\t\t<\/div>\n\t\t<div class=\"elementor-element elementor-element-a36a4c5 e-flex e-con-boxed e-con e-parent\" data-id=\"a36a4c5\" data-element_type=\"container\">\n\t\t\t\t\t<div class=\"e-con-inner\">\n\t\t\t\t<div class=\"elementor-element elementor-element-2126039 elementor-widget elementor-widget-video\" data-id=\"2126039\" data-element_type=\"widget\" data-settings=\"{&quot;youtube_url&quot;:&quot;https:\\\/\\\/www.youtube.com\\\/watch?v=RQrA0Lhioyc&quot;,&quot;autoplay&quot;:&quot;yes&quot;,&quot;play_on_mobile&quot;:&quot;yes&quot;,&quot;mute&quot;:&quot;yes&quot;,&quot;loop&quot;:&quot;yes&quot;,&quot;video_type&quot;:&quot;youtube&quot;,&quot;controls&quot;:&quot;yes&quot;}\" data-widget_type=\"video.default\">\n\t\t\t\t<div class=\"elementor-widget-container\">\n\t\t\t\t\t\t\t<div class=\"elementor-wrapper elementor-open-inline\">\n\t\t\t<div class=\"elementor-video\"><\/div>\t\t<\/div>\n\t\t\t\t\t\t<\/div>\n\t\t\t\t<\/div>\n\t\t\t\t\t<\/div>\n\t\t\t\t<\/div>\n\t\t<div class=\"elementor-element elementor-element-0b8a927 e-flex e-con-boxed e-con e-parent\" data-id=\"0b8a927\" data-element_type=\"container\">\n\t\t\t\t\t<div class=\"e-con-inner\">\n\t\t\t\t\t<\/div>\n\t\t\t\t<\/div>\n\t\t<div class=\"elementor-element elementor-element-1dccd77 e-flex e-con-boxed e-con e-child\" data-id=\"1dccd77\" data-element_type=\"container\" data-settings=\"{&quot;background_background&quot;:&quot;classic&quot;}\">\n\t\t\t\t\t<div class=\"e-con-inner\">\n\t\t\t\t<div class=\"elementor-element elementor-element-22de6a8 elementor-widget elementor-widget-wpforms\" data-id=\"22de6a8\" data-element_type=\"widget\" data-widget_type=\"wpforms.default\">\n\t\t\t\t<div class=\"elementor-widget-container\">\n\t\t\t\t\t<div class=\"wpforms-container\" id=\"wpforms-1071\"><form id=\"wpforms-form-1071\" class=\"wpforms-validate wpforms-form\" data-formid=\"1071\" method=\"post\" enctype=\"multipart\/form-data\" action=\"\/de\/wp-json\/wp\/v2\/pages\/1533\" data-token=\"a822e89ce94db49aa3005829bd73b600\" data-token-time=\"1776505308\" data-trp-original-action=\"\/de\/wp-json\/wp\/v2\/pages\/1533\"><div class=\"wpforms-head-container\"><div class=\"wpforms-title\">F\u00fcr weitere Informationen kontaktieren Sie uns:<\/div><\/div><noscript class=\"wpforms-error-noscript\">Bitte aktiviere JavaScript in deinem Browser, um dieses Formular fertigzustellen.<\/noscript><div class=\"wpforms-field-container\"><div id=\"wpforms-1071-field_0-container\" class=\"wpforms-field wpforms-field-name\" data-field-id=\"0\"><label class=\"wpforms-field-label\" for=\"wpforms-1071-field_0\">Name <span class=\"wpforms-required-label\">*<\/span><\/label><input type=\"text\" id=\"wpforms-1071-field_0\" class=\"wpforms-field-large wpforms-field-required\" name=\"wpforms[fields][0]\" required><\/div><div id=\"wpforms-1071-field_1-container\" class=\"wpforms-field wpforms-field-email\" data-field-id=\"1\"><label class=\"wpforms-field-label\" for=\"wpforms-1071-field_1\">E-Mail Adresse <span class=\"wpforms-required-label\">*<\/span><\/label><input type=\"email\" id=\"wpforms-1071-field_1\" class=\"wpforms-field-large wpforms-field-required\" name=\"wpforms[fields][1]\" spellcheck=\"false\" required><\/div><div id=\"wpforms-1071-field_3-container\" class=\"wpforms-field wpforms-field-text\" data-field-id=\"3\"><label class=\"wpforms-field-label\" for=\"wpforms-1071-field_3\">Telefonnummer <span class=\"wpforms-required-label\">*<\/span><\/label><input type=\"text\" id=\"wpforms-1071-field_3\" class=\"wpforms-field-medium wpforms-field-required\" name=\"wpforms[fields][3]\" required><\/div><div id=\"wpforms-1071-field_2-container\" class=\"wpforms-field wpforms-field-textarea\" data-field-id=\"2\"><label class=\"wpforms-field-label\" for=\"wpforms-1071-field_2\">Nachricht <span class=\"wpforms-required-label\">*<\/span><\/label><textarea id=\"wpforms-1071-field_2\" class=\"wpforms-field-medium wpforms-field-required\" name=\"wpforms[fields][2]\" required><\/textarea><\/div><\/div><!-- .wpforms-field-container --><div class=\"wpforms-submit-container\" ><input type=\"hidden\" name=\"wpforms[id]\" value=\"1071\"><input type=\"hidden\" name=\"page_title\" value=\"\"><input type=\"hidden\" name=\"page_url\" value=\"http:\/\/cashlinksystems.com\/de\/wp-json\/wp\/v2\/pages\/1533\"><button type=\"submit\" name=\"wpforms[submit]\" id=\"wpforms-submit-1071\" class=\"wpforms-submit\" data-alt-text=\"K\u00fcld\u00e9s...\" data-submit-text=\"\u00dczenet k\u00fcld\u00e9se\" aria-live=\"assertive\" value=\"wpforms-submit\">SENDEN<\/button><\/div><input type=\"hidden\" name=\"trp-form-language\" value=\"de\"\/><\/form><\/div>  <!-- .wpforms-container -->\t\t\t\t<\/div>\n\t\t\t\t<\/div>\n\t\t\t\t\t<\/div>\n\t\t\t\t<\/div>\n\t\t\t\t<\/div>","protected":false},"excerpt":{"rendered":"<p>VisualPay 17 Cashmatic Visualpay 17 A Cashmatic VisualPay 17 a legsokoldal\u00fabb megold\u00e1s a Cashmatic \u00e1ltal tervezett megold\u00e1sok k\u00f6z\u00fcl: mivel t\u00f6bbf\u00e9lek\u00e9ppen konfigur\u00e1lhat\u00f3, kiv\u00e1l\u00f3an alkalmas a k\u00fcl\u00f6nb\u00f6z\u0151 kereskedelmi val\u00f3s\u00e1gok f\u0151 vagy m\u00e1sodlagos k\u00e9szp\u00e9nzes pontjak\u00e9nt. Ez az automata bankautomata a Cashmatic \u00f6sszes megold\u00e1s\u00e1t tartalmazza. A VisualPay 17 konfigur\u00e1ci\u00f3kat \u00fagy tervezt\u00e9k, hogy a v\u00e9gfelhaszn\u00e1l\u00f3t a term\u00e9kv\u00e1laszt\u00e1s pillanat\u00e1t\u00f3l a fizet\u00e9sig &hellip;<\/p>\n<p class=\"read-more\"> <a class=\"\" href=\"http:\/\/cashlinksystems.com\/de\/visualpay17\/\"> <span class=\"screen-reader-text\">VisualPay 17<\/span> Weiterlesen &raquo;<\/a><\/p>","protected":false},"author":1,"featured_media":0,"parent":0,"menu_order":0,"comment_status":"closed","ping_status":"closed","template":"","meta":{"content-type":"","om_disable_all_campaigns":false,"_uf_show_specific_survey":0,"_uf_disable_surveys":false,"site-sidebar-layout":"no-sidebar","site-content-layout":"page-builder","ast-site-content-layout":"","site-content-style":"default","site-sidebar-style":"default","ast-global-header-display":"","ast-banner-title-visibility":"","ast-main-header-display":"","ast-hfb-above-header-display":"","ast-hfb-below-header-display":"","ast-hfb-mobile-header-display":"","site-post-title":"disabled","ast-breadcrumbs-content":"disabled","ast-featured-img":"disabled","footer-sml-layout":"","theme-transparent-header-meta":"enabled","adv-header-id-meta":"","stick-header-meta":"","header-above-stick-meta":"","header-main-stick-meta":"","header-below-stick-meta":"","astra-migrate-meta-layouts":"default","ast-page-background-enabled":"default","ast-page-background-meta":{"desktop":{"background-color":"","background-image":"","background-repeat":"repeat","background-position":"center center","background-size":"auto","background-attachment":"scroll","background-type":"","background-media":"","overlay-type":"","overlay-color":"","overlay-gradient":""},"tablet":{"background-color":"","background-image":"","background-repeat":"repeat","background-position":"center center","background-size":"auto","background-attachment":"scroll","background-type":"","background-media":"","overlay-type":"","overlay-color":"","overlay-gradient":""},"mobile":{"background-color":"","background-image":"","background-repeat":"repeat","background-position":"center center","background-size":"auto","background-attachment":"scroll","background-type":"","background-media":"","overlay-type":"","overlay-color":"","overlay-gradient":""}},"ast-content-background-meta":{"desktop":{"background-color":"var(--ast-global-color-5)","background-image":"","background-repeat":"repeat","background-position":"center center","background-size":"auto","background-attachment":"scroll","background-type":"","background-media":"","overlay-type":"","overlay-color":"","overlay-gradient":""},"tablet":{"background-color":"var(--ast-global-color-5)","background-image":"","background-repeat":"repeat","background-position":"center center","background-size":"auto","background-attachment":"scroll","background-type":"","background-media":"","overlay-type":"","overlay-color":"","overlay-gradient":""},"mobile":{"background-color":"var(--ast-global-color-5)","background-image":"","background-repeat":"repeat","background-position":"center center","background-size":"auto","background-attachment":"scroll","background-type":"","background-media":"","overlay-type":"","overlay-color":"","overlay-gradient":""}},"footnotes":""},"class_list":["post-1533","page","type-page","status-publish","hentry"],"aioseo_notices":[],"_links":{"self":[{"href":"http:\/\/cashlinksystems.com\/de\/wp-json\/wp\/v2\/pages\/1533","targetHints":{"allow":["GET"]}}],"collection":[{"href":"http:\/\/cashlinksystems.com\/de\/wp-json\/wp\/v2\/pages"}],"about":[{"href":"http:\/\/cashlinksystems.com\/de\/wp-json\/wp\/v2\/types\/page"}],"author":[{"embeddable":true,"href":"http:\/\/cashlinksystems.com\/de\/wp-json\/wp\/v2\/users\/1"}],"replies":[{"embeddable":true,"href":"http:\/\/cashlinksystems.com\/de\/wp-json\/wp\/v2\/comments?post=1533"}],"version-history":[{"count":13,"href":"http:\/\/cashlinksystems.com\/de\/wp-json\/wp\/v2\/pages\/1533\/revisions"}],"predecessor-version":[{"id":1591,"href":"http:\/\/cashlinksystems.com\/de\/wp-json\/wp\/v2\/pages\/1533\/revisions\/1591"}],"wp:attachment":[{"href":"http:\/\/cashlinksystems.com\/de\/wp-json\/wp\/v2\/media?parent=1533"}],"curies":[{"name":"wp","href":"https:\/\/api.w.org\/{rel}","templated":true}]}}