{"id":1385,"date":"2024-01-09T13:48:28","date_gmt":"2024-01-09T13:48:28","guid":{"rendered":"https:\/\/cashlinksystems.com\/?page_id=1385"},"modified":"2024-03-05T12:04:10","modified_gmt":"2024-03-05T12:04:10","slug":"selfpay1060","status":"publish","type":"page","link":"http:\/\/cashlinksystems.com\/de\/selfpay1060\/","title":{"rendered":"SelfPay 1060"},"content":{"rendered":"<div data-elementor-type=\"wp-page\" data-elementor-id=\"1385\" class=\"elementor elementor-1385\">\n\t\t\t\t<div class=\"elementor-element elementor-element-9f863a2 e-con-full e-flex e-con e-parent\" data-id=\"9f863a2\" data-element_type=\"container\" data-settings=\"{&quot;background_background&quot;:&quot;classic&quot;,&quot;shape_divider_bottom&quot;:&quot;tilt&quot;}\">\n\t\t\t\t<div class=\"elementor-shape elementor-shape-bottom\" data-negative=\"false\">\n\t\t\t<svg xmlns=\"http:\/\/www.w3.org\/2000\/svg\" viewbox=\"0 0 1000 100\" preserveaspectratio=\"none\">\n\t<path class=\"elementor-shape-fill\" d=\"M0,6V0h1000v100L0,6z\"\/>\n<\/svg>\t\t<\/div>\n\t\t<div class=\"elementor-element elementor-element-8c0bb80 e-con-full e-flex e-con e-child\" data-id=\"8c0bb80\" data-element_type=\"container\">\n\t\t\t\t<div class=\"elementor-element elementor-element-1e5c661 elementor-widget elementor-widget-icon-box\" data-id=\"1e5c661\" data-element_type=\"widget\" data-widget_type=\"icon-box.default\">\n\t\t\t\t<div class=\"elementor-widget-container\">\n\t\t\t\t\t\t\t<div class=\"elementor-icon-box-wrapper\">\n\n\t\t\t\n\t\t\t\t\t\t<div class=\"elementor-icon-box-content\">\n\n\t\t\t\t\t\t\t\t\t<h1 class=\"elementor-icon-box-title\">\n\t\t\t\t\t\t<span  >\n\t\t\t\t\t\t\tSelfPay 1060\t\t\t\t\t\t<\/span>\n\t\t\t\t\t<\/h1>\n\t\t\t\t\n\t\t\t\t\n\t\t\t<\/div>\n\t\t\t\n\t\t<\/div>\n\t\t\t\t\t\t<\/div>\n\t\t\t\t<\/div>\n\t\t\t\t<\/div>\n\t\t\t\t<\/div>\n\t\t<div class=\"elementor-element elementor-element-2e8c744 e-flex e-con-boxed e-con e-parent\" data-id=\"2e8c744\" data-element_type=\"container\">\n\t\t\t\t\t<div class=\"e-con-inner\">\n\t\t<div class=\"elementor-element elementor-element-bcd99d9 e-con-full e-flex e-con e-child\" data-id=\"bcd99d9\" data-element_type=\"container\">\n\t\t\t\t<div class=\"elementor-element elementor-element-8d9d126 elementor-widget elementor-widget-text-editor\" data-id=\"8d9d126\" data-element_type=\"widget\" data-widget_type=\"text-editor.default\">\n\t\t\t\t<div class=\"elementor-widget-container\">\n\t\t\t\t\t\t\t\t\t<p><span style=\"color: var( --e-global-color-d8cbaf9 ); font-family: Montserrat, sans-serif; font-size: 18px; font-weight: bold; text-transform: uppercase; text-align: var(--text-align); background-color: var(--ast-global-color-4);\">CASHMATIC<\/span><\/p><p><span style=\"color: #3d5993; font-family: Montserrat, sans-serif; font-size: 2rem; font-weight: bold; text-transform: uppercase; text-align: var(--text-align); background-color: var(--ast-global-color-4);\">SELFPAY 1060<\/span><\/p><div><p id=\"tw-target-text\" class=\"tw-data-text tw-text-large tw-ta\" dir=\"ltr\" data-placeholder=\"Translation\" data-ved=\"2ahUKEwiTlaCzt9CDAxUI-QIHHXERCRcQ3ewLegQIBRAQ\"><span class=\"Y2IQFc\" lang=\"hu\">Cashmatic SelfPay 1060 erm\u00f6glicht die Verwaltung von Barzahlungen und die automatische Auszahlung des Restbetrags an jeder Art von Kasse. <\/span><\/p><p class=\"tw-data-text tw-text-large tw-ta\" dir=\"ltr\" data-placeholder=\"Translation\" data-ved=\"2ahUKEwiTlaCzt9CDAxUI-QIHHXERCRcQ3ewLegQIBRAQ\"><span class=\"Y2IQFc\" lang=\"hu\">Die Kasse ist zuverl\u00e4ssig und kompakt, und garantiert eine gute Leistung in Bezug auf Managementf\u00e4higkeit von Geldbewegung, Geschwindigkeit des Einf\u00fcgens und Lieferung von Bargeld Aus diesem Grund ist sie f\u00fcr alle Arten von traditionellen Einzelh\u00e4ndlern geeignet.<\/span><\/p><\/div>\t\t\t\t\t\t\t\t<\/div>\n\t\t\t\t<\/div>\n\t\t\t\t<\/div>\n\t\t<div class=\"elementor-element elementor-element-86e21a2 e-con-full e-flex e-con e-child\" data-id=\"86e21a2\" data-element_type=\"container\">\n\t\t\t\t<div class=\"elementor-element elementor-element-ac7823c elementor-widget elementor-widget-image\" data-id=\"ac7823c\" data-element_type=\"widget\" data-widget_type=\"image.default\">\n\t\t\t\t<div class=\"elementor-widget-container\">\n\t\t\t\t\t\t\t\t\t\t\t\t\t\t\t<img fetchpriority=\"high\" decoding=\"async\" width=\"500\" height=\"500\" src=\"https:\/\/cashlinksystems.com\/wp-content\/uploads\/2024\/01\/1060_stiil_fronte-scaled-removebg-preview.png\" class=\"attachment-full size-full wp-image-1381\" alt=\"\" srcset=\"https:\/\/cashlinksystems.com\/wp-content\/uploads\/2024\/01\/1060_stiil_fronte-scaled-removebg-preview.png 500w, https:\/\/cashlinksystems.com\/wp-content\/uploads\/2024\/01\/1060_stiil_fronte-scaled-removebg-preview-300x300.png 300w, https:\/\/cashlinksystems.com\/wp-content\/uploads\/2024\/01\/1060_stiil_fronte-scaled-removebg-preview-150x150.png 150w\" sizes=\"(max-width: 500px) 100vw, 500px\" \/>\t\t\t\t\t\t\t\t\t\t\t\t\t\t\t<\/div>\n\t\t\t\t<\/div>\n\t\t\t\t<\/div>\n\t\t\t\t\t<\/div>\n\t\t\t\t<\/div>\n\t\t<div class=\"elementor-element elementor-element-1e7a0a7 e-flex e-con-boxed e-con e-parent\" data-id=\"1e7a0a7\" data-element_type=\"container\">\n\t\t\t\t\t<div class=\"e-con-inner\">\n\t\t\t\t<div class=\"elementor-element elementor-element-ca27181 elementor-widget elementor-widget-progress\" data-id=\"ca27181\" data-element_type=\"widget\" data-widget_type=\"progress.default\">\n\t\t\t\t<div class=\"elementor-widget-container\">\n\t\t\t\t\t\t\t\t<span class=\"elementor-title\" id=\"elementor-progress-bar-ca27181\">\n\t\t\t\tGeschwindigkeit\t\t\t<\/span>\n\t\t\n\t\t<div aria-labelledby=\"elementor-progress-bar-ca27181\" class=\"elementor-progress-wrapper\" role=\"progressbar\" aria-valuemin=\"0\" aria-valuemax=\"100\" aria-valuenow=\"100\" aria-valuetext=\"100% (AK\u00c1R 10 FIZET\u00c9S\/PERC)\">\n\t\t\t<div class=\"elementor-progress-bar\" data-max=\"100\">\n\t\t\t\t<span class=\"elementor-progress-text\">AK\u00c1R 10 FIZET\u00c9S\/PERC<\/span>\n\t\t\t\t\t\t\t<\/div>\n\t\t<\/div>\n\t\t\t\t\t\t<\/div>\n\t\t\t\t<\/div>\n\t\t\t\t<div class=\"elementor-element elementor-element-2e0f38d elementor-widget elementor-widget-progress\" data-id=\"2e0f38d\" data-element_type=\"widget\" data-widget_type=\"progress.default\">\n\t\t\t\t<div class=\"elementor-widget-container\">\n\t\t\t\t\t\t\t\t<span class=\"elementor-title\" id=\"elementor-progress-bar-2e0f38d\">\n\t\t\t\tAnzahl der Zahlungen\t\t\t<\/span>\n\t\t\n\t\t<div aria-labelledby=\"elementor-progress-bar-2e0f38d\" class=\"elementor-progress-wrapper\" role=\"progressbar\" aria-valuemin=\"0\" aria-valuemax=\"100\" aria-valuenow=\"100\" aria-valuetext=\"100% (MAGAS)\">\n\t\t\t<div class=\"elementor-progress-bar\" data-max=\"100\">\n\t\t\t\t<span class=\"elementor-progress-text\">MAGAS<\/span>\n\t\t\t\t\t\t\t<\/div>\n\t\t<\/div>\n\t\t\t\t\t\t<\/div>\n\t\t\t\t<\/div>\n\t\t\t\t\t<\/div>\n\t\t\t\t<\/div>\n\t\t<div class=\"elementor-element elementor-element-763a1d1 e-flex e-con-boxed e-con e-parent\" data-id=\"763a1d1\" data-element_type=\"container\">\n\t\t\t\t\t<div class=\"e-con-inner\">\n\t\t\t\t\t<\/div>\n\t\t\t\t<\/div>\n\t\t<div class=\"elementor-element elementor-element-4bfe8da e-flex e-con-boxed e-con e-parent\" data-id=\"4bfe8da\" data-element_type=\"container\">\n\t\t\t\t\t<div class=\"e-con-inner\">\n\t\t\t\t<div class=\"elementor-element elementor-element-5119660 elementor-widget elementor-widget-text-editor\" data-id=\"5119660\" data-element_type=\"widget\" data-widget_type=\"text-editor.default\">\n\t\t\t\t<div class=\"elementor-widget-container\">\n\t\t\t\t\t\t\t\t\t<h6><img decoding=\"async\" class=\"alignnone  wp-image-1302\" src=\"https:\/\/cashlinksystems.com\/wp-content\/uploads\/2024\/01\/caratteristiche_funzionali.png\" alt=\"\" width=\"65\" height=\"65\" \/>\u00a0 Funktionale Eigenschaften<\/h6><ul><li id=\"tw-target-text\" class=\"tw-data-text tw-text-large tw-ta\" dir=\"ltr\" data-placeholder=\"Translation\" data-ved=\"2ahUKEwi6rLnpu8uDAxWL6wIHHSJJAVEQ3ewLegQIBRAQ\"><span class=\"Y2IQFc\" lang=\"hu\">Dank ihrer kompakten Abmessungen und ihrer Vielseitigkeit kann sie auf jeder Werkbank installiert werden.<\/span><\/li><li class=\"tw-data-text tw-text-large tw-ta\" dir=\"ltr\" data-placeholder=\"Translation\" data-ved=\"2ahUKEwi6rLnpu8uDAxWL6wIHHSJJAVEQ3ewLegQIBRAQ\"><span class=\"Y2IQFc\" lang=\"hu\">M\u00f6gliche Bedienungsfehler und Fehlbetrag in der Kasse werden vermieden.<\/span><\/li><li class=\"tw-data-text tw-text-large tw-ta\" dir=\"ltr\" data-placeholder=\"Translation\" data-ved=\"2ahUKEwi6rLnpu8uDAxWL6wIHHSJJAVEQ3ewLegQIBRAQ\"><span class=\"Y2IQFc\" lang=\"hu\">Automatische Erkennung von Falschgeld.<\/span><\/li><li class=\"tw-data-text tw-text-large tw-ta\" dir=\"ltr\" data-placeholder=\"Translation\" data-ved=\"2ahUKEwi6rLnpu8uDAxWL6wIHHSJJAVEQ3ewLegQIBRAQ\"><span class=\"Y2IQFc\" lang=\"hu\">Erh\u00f6hung des Sicherheitsniveaus dank der soliden und robusten Stahlkonstruktion. <\/span><\/li><li class=\"tw-data-text tw-text-large tw-ta\" dir=\"ltr\" data-placeholder=\"Translation\" data-ved=\"2ahUKEwi6rLnpu8uDAxWL6wIHHSJJAVEQ3ewLegQIBRAQ\"><span class=\"Y2IQFc\" lang=\"hu\">Verringerung des Raubrisikos dank einer Schublade, die die Bediener nicht \u00f6ffnen k\u00f6nnen.<\/span><\/li><\/ul>\t\t\t\t\t\t\t\t<\/div>\n\t\t\t\t<\/div>\n\t\t\t\t\t<\/div>\n\t\t\t\t<\/div>\n\t\t<div class=\"elementor-element elementor-element-b27802b e-flex e-con-boxed e-con e-parent\" data-id=\"b27802b\" data-element_type=\"container\">\n\t\t\t\t\t<div class=\"e-con-inner\">\n\t\t\t\t<div class=\"elementor-element elementor-element-cf17fa3 elementor-widget elementor-widget-text-editor\" data-id=\"cf17fa3\" data-element_type=\"widget\" data-widget_type=\"text-editor.default\">\n\t\t\t\t<div class=\"elementor-widget-container\">\n\t\t\t\t\t\t\t\t\t<ul><li id=\"tw-target-text\" class=\"tw-data-text tw-text-large tw-ta\" dir=\"ltr\" data-placeholder=\"Translation\" data-ved=\"2ahUKEwi6rLnpu8uDAxWL6wIHHSJJAVEQ3ewLegQIBRAQ\">Einhaltung der Hygienevorschriften im Gesch\u00e4ft, weil der Kontakt mit Geld verhindert wird.<\/li><li class=\"tw-data-text tw-text-large tw-ta\" dir=\"ltr\" data-placeholder=\"Translation\" data-ved=\"2ahUKEwi6rLnpu8uDAxWL6wIHHSJJAVEQ3ewLegQIBRAQ\">Optimierung der Zeiten f\u00fcr das Management der Kasse: Der Rest wird automatisch gegeben und die Abrechnung w\u00e4hrend der Kassen\u00f6ffnung und des Kassenabschlusses beim Schichtwechsel wird vermieden.<\/li><li class=\"tw-data-text tw-text-large tw-ta\" dir=\"ltr\" data-placeholder=\"Translation\" data-ved=\"2ahUKEwi6rLnpu8uDAxWL6wIHHSJJAVEQ3ewLegQIBRAQ\">Fernkontrolle \u00fcber Smartphone, Tablet oder PC.<\/li><li class=\"tw-data-text tw-text-large tw-ta\" dir=\"ltr\" data-placeholder=\"Translation\" data-ved=\"2ahUKEwi6rLnpu8uDAxWL6wIHHSJJAVEQ3ewLegQIBRAQ\">Klare und intuitive Kommunikation mit dem Benutzer \u00fcber das gro\u00dfe integrierte Display.<\/li><\/ul>\t\t\t\t\t\t\t\t<\/div>\n\t\t\t\t<\/div>\n\t\t\t\t\t<\/div>\n\t\t\t\t<\/div>\n\t\t<div class=\"elementor-element elementor-element-fc4f4b1 e-flex e-con-boxed e-con e-parent\" data-id=\"fc4f4b1\" data-element_type=\"container\">\n\t\t\t\t\t<div class=\"e-con-inner\">\n\t\t\t\t<div class=\"elementor-element elementor-element-052206f elementor-widget elementor-widget-text-editor\" data-id=\"052206f\" data-element_type=\"widget\" data-widget_type=\"text-editor.default\">\n\t\t\t\t<div class=\"elementor-widget-container\">\n\t\t\t\t\t\t\t\t\t<h6><img decoding=\"async\" class=\"alignnone wp-image-1264\" src=\"https:\/\/cashlinksystems.com\/wp-content\/uploads\/2024\/01\/sicurezza.png\" alt=\"\" width=\"65\" height=\"65\" \/>\u00a0 Erh\u00f6hung der Sicherheit<\/h6><ul><li>2 mm dicker Stahlrahmen.<\/li><li>Hinweis auf das Vorhandensein des automatischen Cashmatic Ger\u00e4ts.<\/li><li>Halterung zur Verankerung an der Bank.<\/li><li>Kassenschublade, die vom Bediener nicht ge\u00f6ffnet werden kann.<\/li><li>EZB (Europ\u00e4ische Zentralbank) zertifizierte Ger\u00e4te zur Erkennung von Falschgeld.<\/li><\/ul>\t\t\t\t\t\t\t\t<\/div>\n\t\t\t\t<\/div>\n\t\t\t\t\t<\/div>\n\t\t\t\t<\/div>\n\t\t<div class=\"elementor-element elementor-element-b84163d e-flex e-con-boxed e-con e-parent\" data-id=\"b84163d\" data-element_type=\"container\">\n\t\t\t\t\t<div class=\"e-con-inner\">\n\t\t\t\t<div class=\"elementor-element elementor-element-2c558e8 elementor-widget elementor-widget-text-editor\" data-id=\"2c558e8\" data-element_type=\"widget\" data-widget_type=\"text-editor.default\">\n\t\t\t\t<div class=\"elementor-widget-container\">\n\t\t\t\t\t\t\t\t\t<p>Gr\u00f6\u00dfen:<\/p><ul><li><strong>H\u00f6he: <\/strong>54,8\u00a0cm<\/li><li><strong>Breite:<\/strong> 39,6 cm<\/li><li><strong>Tiefe:<\/strong> 39,8 cm<\/li><\/ul><p>\u00a0 <img loading=\"lazy\" decoding=\"async\" class=\"alignnone size-medium wp-image-1389\" src=\"https:\/\/cashlinksystems.com\/wp-content\/uploads\/2024\/01\/1060_FRONTE_LATO-768x550-1-300x215.jpg\" alt=\"\" width=\"300\" height=\"215\" srcset=\"https:\/\/cashlinksystems.com\/wp-content\/uploads\/2024\/01\/1060_FRONTE_LATO-768x550-1-300x215.jpg 300w, https:\/\/cashlinksystems.com\/wp-content\/uploads\/2024\/01\/1060_FRONTE_LATO-768x550-1.jpg 768w\" sizes=\"(max-width: 300px) 100vw, 300px\" \/>\u00a0 \u00a0 \u00a0 \u00a0 \u00a0<\/p>\t\t\t\t\t\t\t\t<\/div>\n\t\t\t\t<\/div>\n\t\t\t\t\t<\/div>\n\t\t\t\t<\/div>\n\t\t<div class=\"elementor-element elementor-element-46bbd92 e-flex e-con-boxed e-con e-parent\" data-id=\"46bbd92\" data-element_type=\"container\">\n\t\t\t\t\t<div class=\"e-con-inner\">\n\t\t\t\t<div class=\"elementor-element elementor-element-11ba94f elementor-widget elementor-widget-text-editor\" data-id=\"11ba94f\" data-element_type=\"widget\" data-widget_type=\"text-editor.default\">\n\t\t\t\t<div class=\"elementor-widget-container\">\n\t\t\t\t\t\t\t\t\t<h6><img loading=\"lazy\" decoding=\"async\" class=\"alignnone wp-image-1300\" src=\"https:\/\/cashlinksystems.com\/wp-content\/uploads\/2024\/01\/caratteristiche_tecniche.png\" alt=\"\" width=\"65\" height=\"65\">&nbsp; Technische Eigenschaften<\/h6>\n<ul>\n<li>M\u00dcNZEN AKZEPTIERT und GEGEBEN: \u20ac 0,02 - \u20ac 2,00<\/li>\n<li>AKZEPTIERT Bis 3 pro Sek.<\/li>\n<li>GEGEBEN Bis 12 pro Sek.<\/li>\n<li>KAPAZIT\u00c4T 1500 St\u00fccke (unter Ber\u00fccksichtigung des Volumens der 1\u20ac M\u00fcnze)<\/li>\n<li class=\"translation-block\">BANKNOTEN AKZEPTIERT: \u20ac 5,00 - \u20ac 500,00 und GEGEBEN: 5,00 - \u20ac 50,00<\/li>\n<li>AKZEPTIERT Ab 2 Sekunden<\/li>\n<li>GEGEBEN Ab 1,5 Sekunden<\/li>\n<li>KAPAZIT\u00c4T 180 Recycling St\u00fccke (selbstversorgter Kassenbestand) 600 Cashbox St\u00fccke (Speichereinheit)<\/li>\n<li>ANSCHL\u00dcSSE RJ45 [ETH]<\/li>\n<li>DISPLAY Kapazitiver 7-Zoll Farb Touchscreen<\/li>\n<li>HARDWAREVORAUSSETZUNGEN Unterbrechungsfreie Stromversorgung<\/li>\n<li>STROMVERSORGUNG 100-240V AC 3.08A 50\/60Hz<\/li>\n<\/ul>\t\t\t\t\t\t\t\t<\/div>\n\t\t\t\t<\/div>\n\t\t\t\t\t<\/div>\n\t\t\t\t<\/div>\n\t\t<div class=\"elementor-element elementor-element-59c3011 e-flex e-con-boxed e-con e-parent\" data-id=\"59c3011\" data-element_type=\"container\">\n\t\t\t\t\t<div class=\"e-con-inner\">\n\t\t\t\t\t<\/div>\n\t\t\t\t<\/div>\n\t\t<div class=\"elementor-element elementor-element-2af499b e-flex e-con-boxed e-con e-parent\" data-id=\"2af499b\" data-element_type=\"container\">\n\t\t\t\t\t<div class=\"e-con-inner\">\n\t\t\t\t<div class=\"elementor-element elementor-element-e616f98 elementor-widget elementor-widget-text-editor\" data-id=\"e616f98\" data-element_type=\"widget\" data-widget_type=\"text-editor.default\">\n\t\t\t\t<div class=\"elementor-widget-container\">\n\t\t\t\t\t\t\t\t\t<h6 id=\"tw-target-text\" class=\"tw-data-text tw-text-large tw-ta\" dir=\"ltr\" data-placeholder=\"Translation\" data-ved=\"2ahUKEwi6rLnpu8uDAxWL6wIHHSJJAVEQ3ewLegQIBRAQ\"><span class=\"Y2IQFc\" lang=\"hu\"><img loading=\"lazy\" decoding=\"async\" class=\"alignnone wp-image-1265\" src=\"https:\/\/cashlinksystems.com\/wp-content\/uploads\/2024\/01\/controllo-remoto.png\" alt=\"\" width=\"65\" height=\"65\" \/>\u00a0 KOMPATIBILIT\u00c4T<\/span><\/h6><p>Der Cashmatic Selfpay 1060 ist in der Lage, alle Hardware- und Software-Systeme Ihres Handelsunternehmens zu integrieren. Er garantiert eine schnelle Installation und eine optimale Verwaltung der Zahlungsprozesse.<\/p><ul><li>Kompatibilit\u00e4t mit den verbreitetesten Verwaltungssoftwaren.<\/li><li>Exklusiver Cashmatic Universal-Driver.<\/li><li>Internet-Browser: Google Chrome, Mozilla Firefox, Safari, Internet Explorer, Opera.<\/li><li>Betriebssysteme: Windows, Linux, Android, iOS, Mac OS.<\/li><\/ul>\t\t\t\t\t\t\t\t<\/div>\n\t\t\t\t<\/div>\n\t\t\t\t\t<\/div>\n\t\t\t\t<\/div>\n\t\t<div class=\"elementor-element elementor-element-a36a4c5 e-flex e-con-boxed e-con e-parent\" data-id=\"a36a4c5\" data-element_type=\"container\">\n\t\t\t\t\t<div class=\"e-con-inner\">\n\t\t\t\t<div class=\"elementor-element elementor-element-2126039 elementor-widget elementor-widget-video\" data-id=\"2126039\" data-element_type=\"widget\" data-settings=\"{&quot;youtube_url&quot;:&quot;https:\\\/\\\/www.youtube.com\\\/watch?v=FyU_wdXKZW4&quot;,&quot;autoplay&quot;:&quot;yes&quot;,&quot;play_on_mobile&quot;:&quot;yes&quot;,&quot;mute&quot;:&quot;yes&quot;,&quot;loop&quot;:&quot;yes&quot;,&quot;video_type&quot;:&quot;youtube&quot;,&quot;controls&quot;:&quot;yes&quot;}\" data-widget_type=\"video.default\">\n\t\t\t\t<div class=\"elementor-widget-container\">\n\t\t\t\t\t\t\t<div class=\"elementor-wrapper elementor-open-inline\">\n\t\t\t<div class=\"elementor-video\"><\/div>\t\t<\/div>\n\t\t\t\t\t\t<\/div>\n\t\t\t\t<\/div>\n\t\t\t\t\t<\/div>\n\t\t\t\t<\/div>\n\t\t<div class=\"elementor-element elementor-element-0b8a927 e-flex e-con-boxed e-con e-parent\" data-id=\"0b8a927\" data-element_type=\"container\">\n\t\t\t\t\t<div class=\"e-con-inner\">\n\t\t\t\t\t<\/div>\n\t\t\t\t<\/div>\n\t\t<div class=\"elementor-element elementor-element-1dccd77 e-flex e-con-boxed e-con e-child\" data-id=\"1dccd77\" data-element_type=\"container\" data-settings=\"{&quot;background_background&quot;:&quot;classic&quot;}\">\n\t\t\t\t\t<div class=\"e-con-inner\">\n\t\t\t\t<div class=\"elementor-element elementor-element-22de6a8 elementor-widget elementor-widget-wpforms\" data-id=\"22de6a8\" data-element_type=\"widget\" data-widget_type=\"wpforms.default\">\n\t\t\t\t<div class=\"elementor-widget-container\">\n\t\t\t\t\t<div class=\"wpforms-container\" id=\"wpforms-1071\"><form id=\"wpforms-form-1071\" class=\"wpforms-validate wpforms-form\" data-formid=\"1071\" method=\"post\" enctype=\"multipart\/form-data\" action=\"\/de\/wp-json\/wp\/v2\/pages\/1385\" data-token=\"28ae534e300c7f2c6f4a148bfb3b4c57\" data-token-time=\"1776362405\" data-trp-original-action=\"\/de\/wp-json\/wp\/v2\/pages\/1385\"><div class=\"wpforms-head-container\"><div class=\"wpforms-title\">F\u00fcr weitere Informationen kontaktieren Sie uns:<\/div><\/div><noscript class=\"wpforms-error-noscript\">Bitte aktiviere JavaScript in deinem Browser, um dieses Formular fertigzustellen.<\/noscript><div class=\"wpforms-field-container\"><div id=\"wpforms-1071-field_0-container\" class=\"wpforms-field wpforms-field-name\" data-field-id=\"0\"><label class=\"wpforms-field-label\" for=\"wpforms-1071-field_0\">Name <span class=\"wpforms-required-label\">*<\/span><\/label><input type=\"text\" id=\"wpforms-1071-field_0\" class=\"wpforms-field-large wpforms-field-required\" name=\"wpforms[fields][0]\" required><\/div><div id=\"wpforms-1071-field_1-container\" class=\"wpforms-field wpforms-field-email\" data-field-id=\"1\"><label class=\"wpforms-field-label\" for=\"wpforms-1071-field_1\">E-Mail Adresse <span class=\"wpforms-required-label\">*<\/span><\/label><input type=\"email\" id=\"wpforms-1071-field_1\" class=\"wpforms-field-large wpforms-field-required\" name=\"wpforms[fields][1]\" spellcheck=\"false\" required><\/div><div id=\"wpforms-1071-field_3-container\" class=\"wpforms-field wpforms-field-text\" data-field-id=\"3\"><label class=\"wpforms-field-label\" for=\"wpforms-1071-field_3\">Telefonnummer <span class=\"wpforms-required-label\">*<\/span><\/label><input type=\"text\" id=\"wpforms-1071-field_3\" class=\"wpforms-field-medium wpforms-field-required\" name=\"wpforms[fields][3]\" required><\/div><div id=\"wpforms-1071-field_2-container\" class=\"wpforms-field wpforms-field-textarea\" data-field-id=\"2\"><label class=\"wpforms-field-label\" for=\"wpforms-1071-field_2\">Nachricht <span class=\"wpforms-required-label\">*<\/span><\/label><textarea id=\"wpforms-1071-field_2\" class=\"wpforms-field-medium wpforms-field-required\" name=\"wpforms[fields][2]\" required><\/textarea><\/div><\/div><!-- .wpforms-field-container --><div class=\"wpforms-submit-container\" ><input type=\"hidden\" name=\"wpforms[id]\" value=\"1071\"><input type=\"hidden\" name=\"page_title\" value=\"\"><input type=\"hidden\" name=\"page_url\" value=\"http:\/\/cashlinksystems.com\/de\/wp-json\/wp\/v2\/pages\/1385\"><button type=\"submit\" name=\"wpforms[submit]\" id=\"wpforms-submit-1071\" class=\"wpforms-submit\" data-alt-text=\"K\u00fcld\u00e9s...\" data-submit-text=\"\u00dczenet k\u00fcld\u00e9se\" aria-live=\"assertive\" value=\"wpforms-submit\">SENDEN<\/button><\/div><input type=\"hidden\" name=\"trp-form-language\" value=\"de\"\/><\/form><\/div>  <!-- .wpforms-container -->\t\t\t\t<\/div>\n\t\t\t\t<\/div>\n\t\t\t\t\t<\/div>\n\t\t\t\t<\/div>\n\t\t\t\t<\/div>","protected":false},"excerpt":{"rendered":"<p>SelfPay 1060 CASHMATIC SELFPAY 1060 A Selfpay 1060 a leggyorsabb \u00e9s legmegb\u00edzhat\u00f3bb beszed\u00e9si rendszer a piacon, amely t\u00f6k\u00e9letes nagy mennyis\u00e9g\u0171 tranzakci\u00f3 hat\u00e9kony \u00e9s prec\u00edz kezel\u00e9s\u00e9re. A legmodernebb technol\u00f3gi\u00e1nak k\u00f6sz\u00f6nhet\u0151en ez az \u00f6np\u00e9nzt\u00e1rg\u00e9p percenk\u00e9nt ak\u00e1r 10 fizet\u00e9s feldolgoz\u00e1s\u00e1ra is k\u00e9pes, \u00edgy biztos\u00edtva a gyors \u00e9s probl\u00e9mamentes fizet\u00e9si \u00e9lm\u00e9nyt. Fizet\u00e9si sebess\u00e9g AK\u00c1R 10 FIZET\u00c9S\/PERC Tranzakci\u00f3k sz\u00e1ma MAGAS &hellip;<\/p>\n<p class=\"read-more\"> <a class=\"\" href=\"http:\/\/cashlinksystems.com\/de\/selfpay1060\/\"> <span class=\"screen-reader-text\">SelfPay 1060<\/span> Weiterlesen &raquo;<\/a><\/p>","protected":false},"author":1,"featured_media":0,"parent":0,"menu_order":0,"comment_status":"closed","ping_status":"closed","template":"","meta":{"content-type":"","om_disable_all_campaigns":false,"_uf_show_specific_survey":0,"_uf_disable_surveys":false,"site-sidebar-layout":"no-sidebar","site-content-layout":"page-builder","ast-site-content-layout":"","site-content-style":"default","site-sidebar-style":"default","ast-global-header-display":"","ast-banner-title-visibility":"","ast-main-header-display":"","ast-hfb-above-header-display":"","ast-hfb-below-header-display":"","ast-hfb-mobile-header-display":"","site-post-title":"disabled","ast-breadcrumbs-content":"disabled","ast-featured-img":"disabled","footer-sml-layout":"","theme-transparent-header-meta":"enabled","adv-header-id-meta":"","stick-header-meta":"","header-above-stick-meta":"","header-main-stick-meta":"","header-below-stick-meta":"","astra-migrate-meta-layouts":"default","ast-page-background-enabled":"default","ast-page-background-meta":{"desktop":{"background-color":"","background-image":"","background-repeat":"repeat","background-position":"center center","background-size":"auto","background-attachment":"scroll","background-type":"","background-media":"","overlay-type":"","overlay-color":"","overlay-gradient":""},"tablet":{"background-color":"","background-image":"","background-repeat":"repeat","background-position":"center center","background-size":"auto","background-attachment":"scroll","background-type":"","background-media":"","overlay-type":"","overlay-color":"","overlay-gradient":""},"mobile":{"background-color":"","background-image":"","background-repeat":"repeat","background-position":"center center","background-size":"auto","background-attachment":"scroll","background-type":"","background-media":"","overlay-type":"","overlay-color":"","overlay-gradient":""}},"ast-content-background-meta":{"desktop":{"background-color":"var(--ast-global-color-5)","background-image":"","background-repeat":"repeat","background-position":"center center","background-size":"auto","background-attachment":"scroll","background-type":"","background-media":"","overlay-type":"","overlay-color":"","overlay-gradient":""},"tablet":{"background-color":"var(--ast-global-color-5)","background-image":"","background-repeat":"repeat","background-position":"center center","background-size":"auto","background-attachment":"scroll","background-type":"","background-media":"","overlay-type":"","overlay-color":"","overlay-gradient":""},"mobile":{"background-color":"var(--ast-global-color-5)","background-image":"","background-repeat":"repeat","background-position":"center center","background-size":"auto","background-attachment":"scroll","background-type":"","background-media":"","overlay-type":"","overlay-color":"","overlay-gradient":""}},"footnotes":""},"class_list":["post-1385","page","type-page","status-publish","hentry"],"aioseo_notices":[],"_links":{"self":[{"href":"http:\/\/cashlinksystems.com\/de\/wp-json\/wp\/v2\/pages\/1385","targetHints":{"allow":["GET"]}}],"collection":[{"href":"http:\/\/cashlinksystems.com\/de\/wp-json\/wp\/v2\/pages"}],"about":[{"href":"http:\/\/cashlinksystems.com\/de\/wp-json\/wp\/v2\/types\/page"}],"author":[{"embeddable":true,"href":"http:\/\/cashlinksystems.com\/de\/wp-json\/wp\/v2\/users\/1"}],"replies":[{"embeddable":true,"href":"http:\/\/cashlinksystems.com\/de\/wp-json\/wp\/v2\/comments?post=1385"}],"version-history":[{"count":22,"href":"http:\/\/cashlinksystems.com\/de\/wp-json\/wp\/v2\/pages\/1385\/revisions"}],"predecessor-version":[{"id":1664,"href":"http:\/\/cashlinksystems.com\/de\/wp-json\/wp\/v2\/pages\/1385\/revisions\/1664"}],"wp:attachment":[{"href":"http:\/\/cashlinksystems.com\/de\/wp-json\/wp\/v2\/media?parent=1385"}],"curies":[{"name":"wp","href":"https:\/\/api.w.org\/{rel}","templated":true}]}}